{"id":229,"date":"2020-12-01T14:17:36","date_gmt":"2020-12-01T19:17:36","guid":{"rendered":"https:\/\/www.centredetri.ca\/sample-page\/"},"modified":"2021-10-12T10:14:46","modified_gmt":"2021-10-12T14:14:46","slug":"sample-page","status":"publish","type":"page","link":"https:\/\/www.centredetri.ca\/en\/","title":{"rendered":"Home"},"content":{"rendered":"<div class=\"wpb-content-wrapper\"><p>[vc_row full_height=&#8221;yes&#8221; type=&#8221;full_width&#8221; video_file_bg=&#8221;true&#8221; video_mp4=&#8221;\/wp-content\/uploads\/2020\/12\/Header_Grey_Comp.mp4&#8243; el_class=&#8221;accueil-title-row&#8221;][vc_column width=&#8221;1\/2&#8243; el_class=&#8221;accueil-title-text-col&#8221;][vc_column_text el_class=&#8221;accueil-toptitle&#8221;]SORTING CENTRE[\/vc_column_text][vc_column_text]<\/p>\n<h1>THE RECYCLING OF CR&amp;D WASTE <span class=\"color-green\">STARTS HERE!<\/span><\/h1>\n<p>[\/vc_column_text][vc_column_text el_class=&#8221;accueil-title-contact&#8221;]<a href=\"tel:8194571595\">819 457-1595<\/a><\/p>\n<p><a href=\"https:\/\/goo.gl\/maps\/iqEsMNjgGMq3YhEn6\" target=\"_blank\" rel=\"noopener noreferrer\">399 Paugan road, Denholm, QC, J8N 9B7<\/a>[\/vc_column_text][\/vc_column][vc_column width=&#8221;1\/2&#8243; el_class=&#8221;accueil-title-green-col&#8221;][vc_column_text el_class=&#8221;accueil-saviez&#8221;]<strong>Did you know that<\/strong><br \/>\nConstruction, renovation, and demolition debris represent nearly a third of the waste generated in Quebec. We have options to reduce the environmental impact.[\/vc_column_text][vc_single_image image=&#8221;58&#8243; img_size=&#8221;full&#8221; alignment=&#8221;center&#8221;][\/vc_column][\/vc_row][vc_row type=&#8221;in_grid&#8221; el_class=&#8221;acc-tagline-row padding-100 white-text center-row&#8221;][vc_column css=&#8221;.vc_custom_1606942012163{background-image: url(http:\/\/www.centredetri.ca\/wp-content\/uploads\/2020\/12\/tagline-bg.jpg?id=61) !important;background-position: center !important;background-repeat: no-repeat !important;background-size: cover !important;}&#8221;][vc_column_text]<\/p>\n<h2>A quick, easy and convenient way<br \/>\nto protect the environment!<\/h2>\n<p>[\/vc_column_text][\/vc_column][\/vc_row][vc_row type=&#8221;full_width&#8221;][vc_column]<div class=\"dist-shortcode-container wpb_content_element\">    <div class=\"trois-etapes-row padding-bot-100\">\n    <div class=\"container\">\n        <div class=\"trois-etapes-left\">\n            <div class=\"accueil-toptitle\">\n                <p>Our steps<\/p>\n            <\/div>\n            <div id=\"btn-container\" class=\"trois-etapes-btns\">\n                <p><a href=\"javascript:void(0)\" class=\"selected\">01 Collection of your materials<\/a><\/p>\n                <p><a href=\"javascript:void(0)\">02 Materials categorized and weighed<\/a><\/p>\n                <p><a href=\"javascript:void(0)\">03 Materials Sorted<\/a><\/p>\n                <p><a href=\"javascript:void(0)\">04 Materials Recycled or Converted<\/a><\/p>\n            <\/div>\n        <\/div>\n        <div class=\"trois-etapes-right\">\n            <div id=\"content-container\" class=\"trois-etapes-content\">\n                <div class=\"\">\n                \t<p class=\"trois-etapes-numero\">01<\/p>\n                    <p class=\"trois-etapes-title\">Collection of your materials<\/p>\n                    <p class=\"trois-etapes-desc\">Either we collect your materials through our <a href=\"\/location-de-conteneurs\/\">dumpsters<\/a>, from other company's bins, or by bringing your materials (car or trailer) directly to the sorting centre.<\/p>\n                <\/div>\n                <div style=\"display: none;\" class=\"\">\n                \t<p class=\"trois-etapes-numero\">02<\/p>\n                    <p class=\"trois-etapes-title\">Materials categorized and weighed<\/p>\n                    <p class=\"trois-etapes-desc\">The clerk at the balance determines the type of category of materials brought in (for example, CRD, mixed, wood, asphalt, etc.). The dumpster or the trailer is then weighed on entry and exit, on a scale that is certified annually by Measurement Canada. The difference in weight and the type of materials will determine your costs.<\/p>\n                <\/div>\n                <div style=\"display: none;\" class=\"\">\n                    <p class=\"trois-etapes-numero\">03<\/p>\n                    <p class=\"trois-etapes-title\">Materials Sorted<\/p>\n                    <p class=\"trois-etapes-desc\">All the materials received are then sorted into piles or in dedicated dumpsters that follow environmental standards.<\/p>\n                <\/div>\n                <div style=\"display: none;\" class=\"\">\n                    <p class=\"trois-etapes-numero\">04<\/p>\n                    <p class=\"trois-etapes-title\">Materials Recycled or Converted<\/p>\n                    <p class=\"trois-etapes-desc\">Depending on the material sorted, it is then recycled or converted on-site or sent to various markets.<\/p>\n                <\/div>\n            <\/div>\n            <div class=\"content-btns\">\n                <a href=\"\/en\/contact-us\/\" class=\"itineraire-btn\"><span>Location \/ Hours<\/span><\/a>\n            <\/div>\n        <\/div>\n    <\/div>\n<\/div>\n  <\/div>[\/vc_column][\/vc_row][vc_row type=&#8221;in_grid&#8221; el_class=&#8221;white-text padding-100 mission-row&#8221; css=&#8221;.vc_custom_1607442279651{background-image: url(http:\/\/www.centredetri.ca\/wp-content\/uploads\/2020\/12\/stats-bg.jpg?id=66) !important;background-position: center !important;background-repeat: no-repeat !important;background-size: cover !important;}&#8221;][vc_column width=&#8221;1\/2&#8243;][vc_column_text el_class=&#8221;stats-residu&#8221;]Short Term Goal<\/p>\n<h2>8 000 <sup>t<\/sup><\/h2>\n<p>of C&amp;D Waste sorted<br \/>\nyearly at Terracube. [\/vc_column_text][\/vc_column][vc_column width=&#8221;1\/2&#8243;][vc_column_text el_class=&#8221;accueil-toptitle&#8221;]OUR MISSION[\/vc_column_text][vc_column_text]<\/p>\n<h2>Terracube Sorting Centre wants to contribute to sustainable development and climate change solutions by applying the principles of 3R-V: reduce, reuse, recycle, and reclaim.<\/h2>\n<p>Its mission is also to become a sorting centre recognized for respecting the industry&#8217;s best practices, its participation in research and development, and its excellent customer service.[\/vc_column_text][\/vc_column][\/vc_row][vc_row type=&#8221;in_grid&#8221; el_class=&#8221;acc-serv-row padding-100&#8243;][vc_column][vc_column_text el_class=&#8221;accueil-toptitle&#8221;]Our services[\/vc_column_text][vc_row_inner type=&#8221;full_width&#8221; el_class=&#8221;acc-serv-inner-row&#8221;][vc_column_inner width=&#8221;1\/2&#8243;][vc_column_text]<\/p>\n<h2><a href=\"https:\/\/www.centredetri.ca\/centre-de-tri\/\">Sorting Centre<\/a><br \/>\n<a href=\"https:\/\/www.centredetri.ca\/location-de-conteneurs\/\">Dumpsters Rental<\/a><br \/>\n<a href=\"https:\/\/www.centredetri.ca\/pesee-publique\/\">Public Scale<\/a><\/h2>\n<p>[\/vc_column_text][\/vc_column_inner][vc_column_inner width=&#8221;1\/2&#8243;][vc_column_text]We offer an economical and flexible service to dispose of your dry waste of construction, renovation and demolition materials.<\/p>\n<p>Our Public Scale is accessible to anyone needing to weigh their vehicle. We also have multiple industrial bins available for rental. We\u2019ll even take care of the transportation.[\/vc_column_text][\/vc_column_inner][\/vc_row_inner][\/vc_column][\/vc_row][vc_row type=&#8221;in_grid&#8221; el_class=&#8221;resume-services-row white-text padding-100&#8243;][vc_column width=&#8221;1\/3&#8243;][vc_single_image image=&#8221;238&#8243; img_size=&#8221;full&#8221;][vc_column_text]<strong>Sorting Centre<\/strong>[\/vc_column_text][vc_column_text]Almost all of CRD\u2019s products find a new life with the process of triage and our targeted partnerships.[\/vc_column_text][\/vc_column][vc_column width=&#8221;1\/3&#8243;][vc_single_image image=&#8221;237&#8243; img_size=&#8221;full&#8221;][vc_column_text]<strong>Dumpster Rentals<\/strong>[\/vc_column_text][vc_column_text]A construction or renovation project in mind? We have the container solution for you.[\/vc_column_text][\/vc_column][vc_column width=&#8221;1\/3&#8243;][vc_single_image image=&#8221;406&#8243; img_size=&#8221;full&#8221;][vc_column_text]<strong>Public Scale<\/strong>[\/vc_column_text][vc_column_text]Do you need to weigh your recreational vehicle, boat, transporter or other carriers? Our scale can accommodate up to 90 feet and 67000 lbs. [\/vc_column_text][\/vc_column][\/vc_row][vc_row equal_height=&#8221;yes&#8221; content_placement=&#8221;middle&#8221; type=&#8221;full_width&#8221; el_class=&#8221;padding-100&#8243;][vc_column width=&#8221;4\/12&#8243; el_class=&#8221;tarif-slider-col&#8221;][vc_single_image image=&#8221;95&#8243; img_size=&#8221;full&#8221;][\/vc_column][vc_column width=&#8221;8\/12&#8243; el_class=&#8221;tarifs-text-col white-text&#8221; css=&#8221;.vc_custom_1607023198068{background-image: url(http:\/\/www.centredetri.ca\/wp-content\/uploads\/2020\/12\/tarifs-green-bg.jpg?id=88) !important;}&#8221;][vc_column_text el_class=&#8221;accueil-toptitle&#8221;]OUR RATES[\/vc_column_text][vc_column_text]<\/p>\n<h2>Affordable rates tailored for our community.<\/h2>\n<p>[\/vc_column_text][vc_column_text]Terracube Sorting Centre settled in the Haute-Gatineau territory in Denholm and can serve the entire region of the MRC Vall\u00e9e de la Gatineau, MRC des Collines as well as certain municipalities of the MRC de Papineau. With our quick community access, we&#8217;ve tailored our rates to bring you the best available prices in the industry.[\/vc_column_text]<a href=\"\/en\/contact-us\/\" target=\"_self\" data-text=\"Contact us for more details.\" class=\"dist-btn type2\">Contact us for more details.<\/a>[\/vc_column][\/vc_row][vc_row type=&#8221;in_grid&#8221; el_class=&#8221;padding-100 pourquoi-trier-row&#8221;][vc_column][vc_column_text el_class=&#8221;accueil-toptitle&#8221;]WHY SORT?[\/vc_column_text][vc_row_inner type=&#8221;full_width&#8221; el_class=&#8221;pourquoi-trier-inner-row&#8221;][vc_column_inner el_class=&#8221;pourquoi-trier-title-col&#8221; width=&#8221;1\/2&#8243;][vc_column_text]<\/p>\n<h2><span class=\"color-green\">Why bring your CRD Waste to the Sorting Centre?<\/span><\/h2>\n<p>[\/vc_column_text]<a href=\"\/en\/why-sort\/\" target=\"_self\" data-text=\"READ MORE\" class=\"dist-btn\">READ MORE<\/a>[\/vc_column_inner][vc_column_inner el_class=&#8221;pourquoi-trier-desc-col&#8221; width=&#8221;1\/2&#8243;][vc_column_text]Construction, renovation, and demolition debris represent nearly a third of the waste generated in Quebec. When you bring your dry waste to our Sorting Centre, you contribute to minimizing the economic, social and environmental impacts of the landfill. Thank you for being an eco-responsible citizen.[\/vc_column_text][\/vc_column_inner][\/vc_row_inner][\/vc_column][\/vc_row][vc_row type=&#8221;in_grid&#8221; el_class=&#8221;pourquoi-trier-list-row padding-bot-100&#8243;][vc_column width=&#8221;1\/2&#8243;][vc_column_text]<\/p>\n<ol>\n<li>To eliminate illegal waste dumping<\/li>\n<li>To divert from landfills<\/li>\n<li>To recycle certain materials<\/li>\n<\/ol>\n<p>[\/vc_column_text][\/vc_column][vc_column width=&#8221;1\/2&#8243;][vc_column_text]<\/p>\n<ol start=\"4\">\n<li>To repurpose certain materials<\/li>\n<li>To reduce your ecological footprint<\/li>\n<\/ol>\n<p>[\/vc_column_text][\/vc_column][\/vc_row]<\/p>\n<\/div>","protected":false},"excerpt":{"rendered":"<p>[vc_row full_height=&#8221;yes&#8221; type=&#8221;full_width&#8221; video_file_bg=&#8221;true&#8221; video_mp4=&#8221;\/wp-content\/uploads\/2020\/12\/Header_Grey_Comp.mp4&#8243; el_class=&#8221;accueil-title-row&#8221;][vc_column width=&#8221;1\/2&#8243; el_class=&#8221;accueil-title-text-col&#8221;][vc_column_text el_class=&#8221;accueil-toptitle&#8221;]SORTING CENTRE[\/vc_column_text][vc_column_text] THE RECYCLING OF CR&amp;D WASTE STARTS HERE! [\/vc_column_text][vc_column_text el_class=&#8221;accueil-title-contact&#8221;]819 457-1595 399 Paugan road, Denholm, QC, J8N 9B7[\/vc_column_text][\/vc_column][vc_column width=&#8221;1\/2&#8243; el_class=&#8221;accueil-title-green-col&#8221;][vc_column_text el_class=&#8221;accueil-saviez&#8221;]Did you know that Construction, renovation, and demolition debris represent nearly a third of the waste generated in Quebec. We have options to reduce the environmental [&hellip;]<\/p>\n","protected":false},"author":1,"featured_media":0,"parent":0,"menu_order":0,"comment_status":"closed","ping_status":"open","template":"","meta":{"footnotes":""},"class_list":["post-229","page","type-page","status-publish","hentry"],"yoast_head":"<!-- This site is optimized with the Yoast SEO plugin v26.2 - https:\/\/yoast.com\/wordpress\/plugins\/seo\/ -->\n<title>Home &#8211; Centre de tri TerraCube<\/title>\n<meta name=\"description\" content=\"Recyclage de d\u00e9bris de construction, de r\u00e9novation et de d\u00e9molition (CRD). Location de conteneurs et pes\u00e9e publique.\" \/>\n<meta name=\"robots\" content=\"index, follow, max-snippet:-1, max-image-preview:large, max-video-preview:-1\" \/>\n<link rel=\"canonical\" href=\"https:\/\/www.centredetri.ca\/en\/\" \/>\n<meta property=\"og:locale\" content=\"en_US\" \/>\n<meta property=\"og:type\" content=\"article\" \/>\n<meta property=\"og:title\" content=\"Home &#8211; Centre de tri TerraCube\" \/>\n<meta property=\"og:description\" content=\"Recyclage de d\u00e9bris de construction, de r\u00e9novation et de d\u00e9molition (CRD). Location de conteneurs et pes\u00e9e publique.\" \/>\n<meta property=\"og:url\" content=\"https:\/\/www.centredetri.ca\/en\/\" \/>\n<meta property=\"og:site_name\" content=\"Centre de tri TerraCube\" \/>\n<meta property=\"article:modified_time\" content=\"2021-10-12T14:14:46+00:00\" \/>\n<meta name=\"twitter:card\" content=\"summary_large_image\" \/>\n<meta name=\"twitter:label1\" content=\"Est. reading time\" \/>\n\t<meta name=\"twitter:data1\" content=\"3 minutes\" \/>\n<script type=\"application\/ld+json\" class=\"yoast-schema-graph\">{\"@context\":\"https:\/\/schema.org\",\"@graph\":[{\"@type\":\"WebPage\",\"@id\":\"https:\/\/www.centredetri.ca\/en\/\",\"url\":\"https:\/\/www.centredetri.ca\/en\/\",\"name\":\"Home &#8211; Centre de tri TerraCube\",\"isPartOf\":{\"@id\":\"https:\/\/www.centredetri.ca\/#website\"},\"datePublished\":\"2020-12-01T19:17:36+00:00\",\"dateModified\":\"2021-10-12T14:14:46+00:00\",\"description\":\"Recyclage de d\u00e9bris de construction, de r\u00e9novation et de d\u00e9molition (CRD). Location de conteneurs et pes\u00e9e publique.\",\"breadcrumb\":{\"@id\":\"https:\/\/www.centredetri.ca\/en\/#breadcrumb\"},\"inLanguage\":\"en-US\",\"potentialAction\":[{\"@type\":\"ReadAction\",\"target\":[\"https:\/\/www.centredetri.ca\/en\/\"]}]},{\"@type\":\"BreadcrumbList\",\"@id\":\"https:\/\/www.centredetri.ca\/en\/#breadcrumb\",\"itemListElement\":[{\"@type\":\"ListItem\",\"position\":1,\"name\":\"Accueil\",\"item\":\"https:\/\/www.centredetri.ca\/en\/\"},{\"@type\":\"ListItem\",\"position\":2,\"name\":\"Home\"}]},{\"@type\":\"WebSite\",\"@id\":\"https:\/\/www.centredetri.ca\/#website\",\"url\":\"https:\/\/www.centredetri.ca\/\",\"name\":\"Centre de tri TerraCube\",\"description\":\"Recyclage de d\u00e9bris de construction, r\u00e9novation et de d\u00e9molition (CRD)\",\"potentialAction\":[{\"@type\":\"SearchAction\",\"target\":{\"@type\":\"EntryPoint\",\"urlTemplate\":\"https:\/\/www.centredetri.ca\/?s={search_term_string}\"},\"query-input\":{\"@type\":\"PropertyValueSpecification\",\"valueRequired\":true,\"valueName\":\"search_term_string\"}}],\"inLanguage\":\"en-US\"}]}<\/script>\n<!-- \/ Yoast SEO plugin. -->","yoast_head_json":{"title":"Home &#8211; Centre de tri TerraCube","description":"Recyclage de d\u00e9bris de construction, de r\u00e9novation et de d\u00e9molition (CRD). Location de conteneurs et pes\u00e9e publique.","robots":{"index":"index","follow":"follow","max-snippet":"max-snippet:-1","max-image-preview":"max-image-preview:large","max-video-preview":"max-video-preview:-1"},"canonical":"https:\/\/www.centredetri.ca\/en\/","og_locale":"en_US","og_type":"article","og_title":"Home &#8211; Centre de tri TerraCube","og_description":"Recyclage de d\u00e9bris de construction, de r\u00e9novation et de d\u00e9molition (CRD). Location de conteneurs et pes\u00e9e publique.","og_url":"https:\/\/www.centredetri.ca\/en\/","og_site_name":"Centre de tri TerraCube","article_modified_time":"2021-10-12T14:14:46+00:00","twitter_card":"summary_large_image","twitter_misc":{"Est. reading time":"3 minutes"},"schema":{"@context":"https:\/\/schema.org","@graph":[{"@type":"WebPage","@id":"https:\/\/www.centredetri.ca\/en\/","url":"https:\/\/www.centredetri.ca\/en\/","name":"Home &#8211; Centre de tri TerraCube","isPartOf":{"@id":"https:\/\/www.centredetri.ca\/#website"},"datePublished":"2020-12-01T19:17:36+00:00","dateModified":"2021-10-12T14:14:46+00:00","description":"Recyclage de d\u00e9bris de construction, de r\u00e9novation et de d\u00e9molition (CRD). Location de conteneurs et pes\u00e9e publique.","breadcrumb":{"@id":"https:\/\/www.centredetri.ca\/en\/#breadcrumb"},"inLanguage":"en-US","potentialAction":[{"@type":"ReadAction","target":["https:\/\/www.centredetri.ca\/en\/"]}]},{"@type":"BreadcrumbList","@id":"https:\/\/www.centredetri.ca\/en\/#breadcrumb","itemListElement":[{"@type":"ListItem","position":1,"name":"Accueil","item":"https:\/\/www.centredetri.ca\/en\/"},{"@type":"ListItem","position":2,"name":"Home"}]},{"@type":"WebSite","@id":"https:\/\/www.centredetri.ca\/#website","url":"https:\/\/www.centredetri.ca\/","name":"Centre de tri TerraCube","description":"Recyclage de d\u00e9bris de construction, r\u00e9novation et de d\u00e9molition (CRD)","potentialAction":[{"@type":"SearchAction","target":{"@type":"EntryPoint","urlTemplate":"https:\/\/www.centredetri.ca\/?s={search_term_string}"},"query-input":{"@type":"PropertyValueSpecification","valueRequired":true,"valueName":"search_term_string"}}],"inLanguage":"en-US"}]}},"_links":{"self":[{"href":"https:\/\/www.centredetri.ca\/en\/wp-json\/wp\/v2\/pages\/229","targetHints":{"allow":["GET"]}}],"collection":[{"href":"https:\/\/www.centredetri.ca\/en\/wp-json\/wp\/v2\/pages"}],"about":[{"href":"https:\/\/www.centredetri.ca\/en\/wp-json\/wp\/v2\/types\/page"}],"author":[{"embeddable":true,"href":"https:\/\/www.centredetri.ca\/en\/wp-json\/wp\/v2\/users\/1"}],"replies":[{"embeddable":true,"href":"https:\/\/www.centredetri.ca\/en\/wp-json\/wp\/v2\/comments?post=229"}],"version-history":[{"count":9,"href":"https:\/\/www.centredetri.ca\/en\/wp-json\/wp\/v2\/pages\/229\/revisions"}],"predecessor-version":[{"id":462,"href":"https:\/\/www.centredetri.ca\/en\/wp-json\/wp\/v2\/pages\/229\/revisions\/462"}],"wp:attachment":[{"href":"https:\/\/www.centredetri.ca\/en\/wp-json\/wp\/v2\/media?parent=229"}],"curies":[{"name":"wp","href":"https:\/\/api.w.org\/{rel}","templated":true}]}}