{"id":262,"date":"2020-12-04T10:03:31","date_gmt":"2020-12-04T15:03:31","guid":{"rendered":"https:\/\/www.centredetri.ca\/tri-et-recyclage\/"},"modified":"2021-10-14T12:16:31","modified_gmt":"2021-10-14T16:16:31","slug":"sorting-centre","status":"publish","type":"page","link":"http:\/\/www.centredetri.ca\/en\/sorting-centre\/","title":{"rendered":"Sorting Centre"},"content":{"rendered":"<div class=\"wpb-content-wrapper\"><p>[vc_row type=&#8221;in_grid&#8221; video_file_bg=&#8221;true&#8221; el_class=&#8221;page-int-title&#8221; video_mp4=&#8221;\/wp-content\/uploads\/2020\/12\/Header_Grey_Comp.mp4&#8243;][vc_column width=&#8221;1\/2&#8243;][vc_column_text el_class=&#8221;toptitle&#8221;]SORTING CENTRE[\/vc_column_text][vc_column_text]<\/p>\n<h2>A <span class=\"color-green\">quick, easy and convenient<\/span> way to protect the environment!<\/h2>\n<p>[\/vc_column_text][vc_column_text]Almost all of CRD\u2019s products find a new life with the process of triage and our targeted partnerships.[\/vc_column_text][\/vc_column][vc_column width=&#8221;1\/2&#8243;][vc_single_image image=&#8221;265&#8243; img_size=&#8221;full&#8221; alignment=&#8221;center&#8221;][\/vc_column][\/vc_row][vc_row type=&#8221;in_grid&#8221; el_class=&#8221;padding-100 etapes-row&#8221;][vc_column][vc_column_text]<\/p>\n<h2>The Process<\/h2>\n<p>[\/vc_column_text][vc_row_inner type=&#8221;full_width&#8221;][vc_column_inner width=&#8221;1\/2&#8243;][vc_column_text]<span class=\"color-green\">01. Collection of your materials<\/span>[\/vc_column_text][vc_column_text]Either we collect your materials through <a href=\"http:\/\/www.centredetri.ca\/location-de-conteneurs\/\">our dumpsters<\/a>, from other company&#8217;s bins, or by bringing your materials (car or trailer) directly to the sorting centre.[\/vc_column_text][\/vc_column_inner][vc_column_inner width=&#8221;1\/2&#8243;][vc_column_text]<span class=\"color-green\">02. Materials categorized and weighed<\/span>[\/vc_column_text][vc_column_text]The clerk at the balance determines the type of category of materials brought in (for example, CRD, mixed, wood, asphalt, etc.). The dumpster or the trailer is then weighed on entry and exit, on a scale that is certified annually by Measurement Canada. The difference in weight and the type of materials will determine your costs.[\/vc_column_text][\/vc_column_inner][vc_column_inner width=&#8221;1\/2&#8243;][vc_column_text]<span class=\"color-green\">03. Materials Sorted<\/span>[\/vc_column_text][vc_column_text]All the materials received are then sorted into piles or in dedicated dumpsters that follow environmental standards.[\/vc_column_text][\/vc_column_inner][vc_column_inner width=&#8221;1\/2&#8243;][vc_column_text]<span class=\"color-green\">04. Materials Recycled or Converted<\/span>[\/vc_column_text][vc_column_text]Depending on the material sorted, it is then recycled or converted on-site or sent to various markets.[\/vc_column_text][\/vc_column_inner][\/vc_row_inner][\/vc_column][\/vc_row][vc_row equal_height=&#8221;yes&#8221; content_placement=&#8221;middle&#8221; type=&#8221;in_grid&#8221; el_class=&#8221;matiere-accepter-conteneur-row white-text padding-top-100&#8243;][vc_column][vc_row_inner type=&#8221;full_width&#8221;][vc_column_inner width=&#8221;1\/2&#8243;][vc_column_text]<\/p>\n<h2>Accepted Materials<\/h2>\n<p>[\/vc_column_text][vc_column_text]<\/p>\n<ul>\n<li>MIXED Construction, Renovation, Demolition Materials<\/li>\n<li>Asphalt shingles<\/li>\n<li>Clean wood<\/li>\n<li>Branch, stump<\/li>\n<li>Asphalt<\/li>\n<li>Clean concrete<\/li>\n<li>Reinforced concrete<\/li>\n<li>Ferrous and non-ferrous metals<\/li>\n<li>Appliances or white goods<\/li>\n<li>Regular, wide or commercial tire<\/li>\n<li>Mattress &amp; sofa<\/li>\n<\/ul>\n<p class=\"small-frais\">*additional costs<\/p>\n<p>[\/vc_column_text][\/vc_column_inner][vc_column_inner width=&#8221;1\/2&#8243;][vc_column_text]<\/p>\n<h2>Prohibited materials<\/h2>\n<p>[\/vc_column_text][vc_column_text]<\/p>\n<ul>\n<li>Household waste<\/li>\n<li>Asbestos<\/li>\n<li>Chemical products<\/li>\n<li>Ammunition, firearms, explosives Including Bengal fire (fireworks)<\/li>\n<li>Radioactive waste<\/li>\n<li>Biomedical waste<\/li>\n<li>Contaminated soils<\/li>\n<li>Railroad sleepers<\/li>\n<li>Animal carcasses<\/li>\n<li>Paint<\/li>\n<li>Hazardous household waste. Anything considered corrosive, toxic, flammable and explosive. Example: Oils, oil filters, lubricants, CFL bulbs, fluorescent tubes (neon), UV lamps, batteries<\/li>\n<\/ul>\n<p>[\/vc_column_text][\/vc_column_inner][\/vc_row_inner][\/vc_column][\/vc_row][vc_row type=&#8221;in_grid&#8221; el_class=&#8221;padding-100 center-row&#8221;][vc_column][vc_column_text]<\/p>\n<h2><span class=\"color-green\">You do not see your residues in the list, or do you have questions about the accepted materials?<\/span> Contact us and bring us your CRD waste today.<\/h2>\n<p>[\/vc_column_text]<a href=\"\/en\/contact-us\/\" target=\"_self\" data-text=\"Contact us\" class=\"dist-btn\">Contact us<\/a>[\/vc_column][\/vc_row]<\/p>\n<\/div>","protected":false},"excerpt":{"rendered":"<p>[vc_row type=&#8221;in_grid&#8221; video_file_bg=&#8221;true&#8221; el_class=&#8221;page-int-title&#8221; video_mp4=&#8221;\/wp-content\/uploads\/2020\/12\/Header_Grey_Comp.mp4&#8243;][vc_column width=&#8221;1\/2&#8243;][vc_column_text el_class=&#8221;toptitle&#8221;]SORTING CENTRE[\/vc_column_text][vc_column_text] A quick, easy and convenient way to protect the environment! [\/vc_column_text][vc_column_text]Almost all of CRD\u2019s products find a new life with the process of triage and our targeted partnerships.[\/vc_column_text][\/vc_column][vc_column width=&#8221;1\/2&#8243;][vc_single_image image=&#8221;265&#8243; img_size=&#8221;full&#8221; alignment=&#8221;center&#8221;][\/vc_column][\/vc_row][vc_row type=&#8221;in_grid&#8221; el_class=&#8221;padding-100 etapes-row&#8221;][vc_column][vc_column_text] The Process [\/vc_column_text][vc_row_inner type=&#8221;full_width&#8221;][vc_column_inner width=&#8221;1\/2&#8243;][vc_column_text]01. Collection of your materials[\/vc_column_text][vc_column_text]Either we collect your [&hellip;]<\/p>\n","protected":false},"author":1,"featured_media":0,"parent":0,"menu_order":0,"comment_status":"closed","ping_status":"closed","template":"","meta":{"footnotes":""},"class_list":["post-262","page","type-page","status-publish","hentry"],"yoast_head":"<!-- This site is optimized with the Yoast SEO plugin v26.2 - https:\/\/yoast.com\/wordpress\/plugins\/seo\/ -->\n<title>Sorting Centre &#8211; Centre de tri TerraCube<\/title>\n<meta name=\"description\" content=\"Recyclage de d\u00e9bris de construction, de r\u00e9novation et de d\u00e9molition (CRD). Location de conteneurs et pes\u00e9e publique.\" \/>\n<meta name=\"robots\" content=\"index, follow, max-snippet:-1, max-image-preview:large, max-video-preview:-1\" \/>\n<link rel=\"canonical\" href=\"https:\/\/www.centredetri.ca\/en\/sorting-centre\/\" \/>\n<meta property=\"og:locale\" content=\"en_US\" \/>\n<meta property=\"og:type\" content=\"article\" \/>\n<meta property=\"og:title\" content=\"Sorting Centre &#8211; Centre de tri TerraCube\" \/>\n<meta property=\"og:description\" content=\"Recyclage de d\u00e9bris de construction, de r\u00e9novation et de d\u00e9molition (CRD). Location de conteneurs et pes\u00e9e publique.\" \/>\n<meta property=\"og:url\" content=\"https:\/\/www.centredetri.ca\/en\/sorting-centre\/\" \/>\n<meta property=\"og:site_name\" content=\"Centre de tri TerraCube\" \/>\n<meta property=\"article:modified_time\" content=\"2021-10-14T16:16:31+00:00\" \/>\n<meta name=\"twitter:card\" content=\"summary_large_image\" \/>\n<meta name=\"twitter:label1\" content=\"Est. reading time\" \/>\n\t<meta name=\"twitter:data1\" content=\"2 minutes\" \/>\n<script type=\"application\/ld+json\" class=\"yoast-schema-graph\">{\"@context\":\"https:\/\/schema.org\",\"@graph\":[{\"@type\":\"WebPage\",\"@id\":\"https:\/\/www.centredetri.ca\/en\/sorting-centre\/\",\"url\":\"https:\/\/www.centredetri.ca\/en\/sorting-centre\/\",\"name\":\"Sorting Centre &#8211; Centre de tri TerraCube\",\"isPartOf\":{\"@id\":\"https:\/\/www.centredetri.ca\/#website\"},\"datePublished\":\"2020-12-04T15:03:31+00:00\",\"dateModified\":\"2021-10-14T16:16:31+00:00\",\"description\":\"Recyclage de d\u00e9bris de construction, de r\u00e9novation et de d\u00e9molition (CRD). Location de conteneurs et pes\u00e9e publique.\",\"breadcrumb\":{\"@id\":\"https:\/\/www.centredetri.ca\/en\/sorting-centre\/#breadcrumb\"},\"inLanguage\":\"en-US\",\"potentialAction\":[{\"@type\":\"ReadAction\",\"target\":[\"https:\/\/www.centredetri.ca\/en\/sorting-centre\/\"]}]},{\"@type\":\"BreadcrumbList\",\"@id\":\"https:\/\/www.centredetri.ca\/en\/sorting-centre\/#breadcrumb\",\"itemListElement\":[{\"@type\":\"ListItem\",\"position\":1,\"name\":\"Accueil\",\"item\":\"https:\/\/www.centredetri.ca\/en\/\"},{\"@type\":\"ListItem\",\"position\":2,\"name\":\"Sorting Centre\"}]},{\"@type\":\"WebSite\",\"@id\":\"https:\/\/www.centredetri.ca\/#website\",\"url\":\"https:\/\/www.centredetri.ca\/\",\"name\":\"Centre de tri TerraCube\",\"description\":\"Recyclage de d\u00e9bris de construction, r\u00e9novation et de d\u00e9molition (CRD)\",\"potentialAction\":[{\"@type\":\"SearchAction\",\"target\":{\"@type\":\"EntryPoint\",\"urlTemplate\":\"https:\/\/www.centredetri.ca\/?s={search_term_string}\"},\"query-input\":{\"@type\":\"PropertyValueSpecification\",\"valueRequired\":true,\"valueName\":\"search_term_string\"}}],\"inLanguage\":\"en-US\"}]}<\/script>\n<!-- \/ Yoast SEO plugin. -->","yoast_head_json":{"title":"Sorting Centre &#8211; Centre de tri TerraCube","description":"Recyclage de d\u00e9bris de construction, de r\u00e9novation et de d\u00e9molition (CRD). Location de conteneurs et pes\u00e9e publique.","robots":{"index":"index","follow":"follow","max-snippet":"max-snippet:-1","max-image-preview":"max-image-preview:large","max-video-preview":"max-video-preview:-1"},"canonical":"https:\/\/www.centredetri.ca\/en\/sorting-centre\/","og_locale":"en_US","og_type":"article","og_title":"Sorting Centre &#8211; Centre de tri TerraCube","og_description":"Recyclage de d\u00e9bris de construction, de r\u00e9novation et de d\u00e9molition (CRD). Location de conteneurs et pes\u00e9e publique.","og_url":"https:\/\/www.centredetri.ca\/en\/sorting-centre\/","og_site_name":"Centre de tri TerraCube","article_modified_time":"2021-10-14T16:16:31+00:00","twitter_card":"summary_large_image","twitter_misc":{"Est. reading time":"2 minutes"},"schema":{"@context":"https:\/\/schema.org","@graph":[{"@type":"WebPage","@id":"https:\/\/www.centredetri.ca\/en\/sorting-centre\/","url":"https:\/\/www.centredetri.ca\/en\/sorting-centre\/","name":"Sorting Centre &#8211; Centre de tri TerraCube","isPartOf":{"@id":"https:\/\/www.centredetri.ca\/#website"},"datePublished":"2020-12-04T15:03:31+00:00","dateModified":"2021-10-14T16:16:31+00:00","description":"Recyclage de d\u00e9bris de construction, de r\u00e9novation et de d\u00e9molition (CRD). Location de conteneurs et pes\u00e9e publique.","breadcrumb":{"@id":"https:\/\/www.centredetri.ca\/en\/sorting-centre\/#breadcrumb"},"inLanguage":"en-US","potentialAction":[{"@type":"ReadAction","target":["https:\/\/www.centredetri.ca\/en\/sorting-centre\/"]}]},{"@type":"BreadcrumbList","@id":"https:\/\/www.centredetri.ca\/en\/sorting-centre\/#breadcrumb","itemListElement":[{"@type":"ListItem","position":1,"name":"Accueil","item":"https:\/\/www.centredetri.ca\/en\/"},{"@type":"ListItem","position":2,"name":"Sorting Centre"}]},{"@type":"WebSite","@id":"https:\/\/www.centredetri.ca\/#website","url":"https:\/\/www.centredetri.ca\/","name":"Centre de tri TerraCube","description":"Recyclage de d\u00e9bris de construction, r\u00e9novation et de d\u00e9molition (CRD)","potentialAction":[{"@type":"SearchAction","target":{"@type":"EntryPoint","urlTemplate":"https:\/\/www.centredetri.ca\/?s={search_term_string}"},"query-input":{"@type":"PropertyValueSpecification","valueRequired":true,"valueName":"search_term_string"}}],"inLanguage":"en-US"}]}},"_links":{"self":[{"href":"http:\/\/www.centredetri.ca\/en\/wp-json\/wp\/v2\/pages\/262","targetHints":{"allow":["GET"]}}],"collection":[{"href":"http:\/\/www.centredetri.ca\/en\/wp-json\/wp\/v2\/pages"}],"about":[{"href":"http:\/\/www.centredetri.ca\/en\/wp-json\/wp\/v2\/types\/page"}],"author":[{"embeddable":true,"href":"http:\/\/www.centredetri.ca\/en\/wp-json\/wp\/v2\/users\/1"}],"replies":[{"embeddable":true,"href":"http:\/\/www.centredetri.ca\/en\/wp-json\/wp\/v2\/comments?post=262"}],"version-history":[{"count":8,"href":"http:\/\/www.centredetri.ca\/en\/wp-json\/wp\/v2\/pages\/262\/revisions"}],"predecessor-version":[{"id":475,"href":"http:\/\/www.centredetri.ca\/en\/wp-json\/wp\/v2\/pages\/262\/revisions\/475"}],"wp:attachment":[{"href":"http:\/\/www.centredetri.ca\/en\/wp-json\/wp\/v2\/media?parent=262"}],"curies":[{"name":"wp","href":"https:\/\/api.w.org\/{rel}","templated":true}]}}