{"id":259,"date":"2020-12-07T09:41:33","date_gmt":"2020-12-07T14:41:33","guid":{"rendered":"https:\/\/www.centredetri.ca\/pourquoi-trier\/"},"modified":"2021-10-06T11:50:08","modified_gmt":"2021-10-06T15:50:08","slug":"why-sort","status":"publish","type":"page","link":"http:\/\/www.centredetri.ca\/en\/why-sort\/","title":{"rendered":"Why sort?"},"content":{"rendered":"<div class=\"wpb-content-wrapper\"><p>[vc_row full_height=&#8221;yes&#8221; equal_height=&#8221;yes&#8221; content_placement=&#8221;middle&#8221; type=&#8221;in_grid&#8221; video_file_bg=&#8221;true&#8221; el_class=&#8221;a-propos-title white-text&#8221; video_mp4=&#8221;\/wp-content\/uploads\/2020\/12\/Header_Green_Comp.mp4&#8243;][vc_column][vc_column_text el_class=&#8221;toptitle&#8221;]Why sort?[\/vc_column_text][vc_column_text]<\/p>\n<h2>THANK YOU FOR BEING AN ECO-RESPONSIBLE CITIZEN<\/h2>\n<p>[\/vc_column_text][vc_column_text el_class=&#8221;pourquoi-trier-title-desc&#8221;]Construction, renovation, and demolition debris represent nearly a third of the waste generated in Quebec. When you bring your dry waste to our Sorting Centre, you contribute to minimizing the economic, social and environmental impacts of the landfill.[\/vc_column_text][vc_single_image image=&#8221;260&#8243; img_size=&#8221;full&#8221; alignment=&#8221;center&#8221; el_class=&#8221;pourquoi-trier-fleche&#8221;][\/vc_column][\/vc_row][vc_row type=&#8221;in_grid&#8221; el_class=&#8221;padding-100 raisons-row&#8221;][vc_column width=&#8221;1\/3&#8243; el_class=&#8221;raisons-col&#8221;][vc_column_text el_class=&#8221;raisons-numero&#8221;]01[\/vc_column_text][vc_column_text]<\/p>\n<h2>To eliminate illegal<br \/>\nwaste dumping<\/h2>\n<p>[\/vc_column_text][vc_column_text]Not knowing what to do with their waste, some citizens dispose of their waste on roadsides, in fields, etc. With the rains and severe weather, toxic products leak out and contaminate the soil and groundwater.[\/vc_column_text][\/vc_column][vc_column width=&#8221;1\/3&#8243; el_class=&#8221;raisons-col&#8221;][vc_column_text el_class=&#8221;raisons-numero&#8221;]02[\/vc_column_text][vc_column_text]<\/p>\n<h2>To divert from landfills<\/h2>\n<p>[\/vc_column_text][vc_column_text]The amount of waste in landfills is of great concern to our society. By choosing to bring your CRD materials to the sorting center, you help alleviate the challenges associated with landfills.[\/vc_column_text][\/vc_column][vc_column width=&#8221;1\/3&#8243; el_class=&#8221;raisons-col&#8221;][vc_column_text el_class=&#8221;raisons-numero&#8221;]03[\/vc_column_text][vc_column_text]<\/p>\n<h2>To recycle<br \/>\ncertain materialss<\/h2>\n<p>[\/vc_column_text][vc_column_text]When we collect waste, transform it and put it back into the production cycle to make new products, we are recycling. We, therefore, use a recovered material rather than a raw material to produce a new object.[\/vc_column_text][\/vc_column][vc_column width=&#8221;1\/3&#8243; el_class=&#8221;raisons-col&#8221;][vc_column_text el_class=&#8221;raisons-numero&#8221;]04[\/vc_column_text][vc_column_text]<\/p>\n<h2>To repurpose<br \/>\ncertain materials<\/h2>\n<p>[\/vc_column_text][vc_column_text]Reclaimed material constitutes the last element of the 3RV principle. Reduce, reuse, and recycle will be favoured. Reclaimed material consists of transforming a residue into a product of lesser value than the original product. For example, sound wood can turn into mulch.[\/vc_column_text][\/vc_column][vc_column width=&#8221;1\/3&#8243; el_class=&#8221;raisons-col&#8221;][vc_column_text el_class=&#8221;raisons-numero&#8221;]05[\/vc_column_text][vc_column_text]<\/p>\n<h2>To reduce your<br \/>\necological footprint<\/h2>\n<p>[\/vc_column_text][vc_column_text]The earth&#8217;s resources and capacity to meet the needs of humankind are numbered; each person doing their part reduces the burden on our planet and allows future generations to enjoy all that it has of wonderful to offer them.[\/vc_column_text][\/vc_column][vc_column width=&#8221;1\/3&#8243; el_class=&#8221;raisons-col&#8221;][\/vc_column][\/vc_row][vc_row type=&#8221;in_grid&#8221; css=&#8221;.vc_custom_1607354870874{background-color: #282d33 !important;}&#8221; el_class=&#8221;white-text padding-100 trucs-astuces-row&#8221;][vc_column][vc_column_text el_class=&#8221;toptitle&#8221;]Tips and tricks[\/vc_column_text][vc_row_inner type=&#8221;full_width&#8221;][vc_column_inner width=&#8221;1\/2&#8243;][vc_column_text]<\/p>\n<h2>Here are some tips to simplify the process and save money!<\/h2>\n<p>[\/vc_column_text][\/vc_column_inner][vc_column_inner width=&#8221;1\/2&#8243;][vc_column_text el_class=&#8221;trucs-astuces-text&#8221;]Bring a batch of shingles, wood, asphalt, concrete, and if your materials are separated (not mixed or other waste), the price per ton is more economical.[\/vc_column_text][\/vc_column_inner][\/vc_row_inner][\/vc_column][\/vc_row]<\/p>\n<\/div>","protected":false},"excerpt":{"rendered":"<p>[vc_row full_height=&#8221;yes&#8221; equal_height=&#8221;yes&#8221; content_placement=&#8221;middle&#8221; type=&#8221;in_grid&#8221; video_file_bg=&#8221;true&#8221; el_class=&#8221;a-propos-title white-text&#8221; video_mp4=&#8221;\/wp-content\/uploads\/2020\/12\/Header_Green_Comp.mp4&#8243;][vc_column][vc_column_text el_class=&#8221;toptitle&#8221;]Why sort?[\/vc_column_text][vc_column_text] THANK YOU FOR BEING AN ECO-RESPONSIBLE CITIZEN [\/vc_column_text][vc_column_text el_class=&#8221;pourquoi-trier-title-desc&#8221;]Construction, renovation, and demolition debris represent nearly a third of the waste generated in Quebec. When you bring your dry waste to our Sorting Centre, you contribute to minimizing the economic, social and environmental impacts of [&hellip;]<\/p>\n","protected":false},"author":1,"featured_media":0,"parent":0,"menu_order":0,"comment_status":"closed","ping_status":"closed","template":"","meta":{"footnotes":""},"class_list":["post-259","page","type-page","status-publish","hentry"],"yoast_head":"<!-- This site is optimized with the Yoast SEO plugin v26.2 - https:\/\/yoast.com\/wordpress\/plugins\/seo\/ -->\n<title>Why sort? &#8211; Centre de tri TerraCube<\/title>\n<meta name=\"description\" content=\"Recyclage de d\u00e9bris de construction, de r\u00e9novation et de d\u00e9molition (CRD). Location de conteneurs et pes\u00e9e publique.\" \/>\n<meta name=\"robots\" content=\"index, follow, max-snippet:-1, max-image-preview:large, max-video-preview:-1\" \/>\n<link rel=\"canonical\" href=\"https:\/\/www.centredetri.ca\/en\/why-sort\/\" \/>\n<meta property=\"og:locale\" content=\"en_US\" \/>\n<meta property=\"og:type\" content=\"article\" \/>\n<meta property=\"og:title\" content=\"Why sort? &#8211; Centre de tri TerraCube\" \/>\n<meta property=\"og:description\" content=\"Recyclage de d\u00e9bris de construction, de r\u00e9novation et de d\u00e9molition (CRD). Location de conteneurs et pes\u00e9e publique.\" \/>\n<meta property=\"og:url\" content=\"https:\/\/www.centredetri.ca\/en\/why-sort\/\" \/>\n<meta property=\"og:site_name\" content=\"Centre de tri TerraCube\" \/>\n<meta property=\"article:modified_time\" content=\"2021-10-06T15:50:08+00:00\" \/>\n<meta name=\"twitter:card\" content=\"summary_large_image\" \/>\n<meta name=\"twitter:label1\" content=\"Est. reading time\" \/>\n\t<meta name=\"twitter:data1\" content=\"2 minutes\" \/>\n<script type=\"application\/ld+json\" class=\"yoast-schema-graph\">{\"@context\":\"https:\/\/schema.org\",\"@graph\":[{\"@type\":\"WebPage\",\"@id\":\"https:\/\/www.centredetri.ca\/en\/why-sort\/\",\"url\":\"https:\/\/www.centredetri.ca\/en\/why-sort\/\",\"name\":\"Why sort? &#8211; Centre de tri TerraCube\",\"isPartOf\":{\"@id\":\"https:\/\/www.centredetri.ca\/#website\"},\"datePublished\":\"2020-12-07T14:41:33+00:00\",\"dateModified\":\"2021-10-06T15:50:08+00:00\",\"description\":\"Recyclage de d\u00e9bris de construction, de r\u00e9novation et de d\u00e9molition (CRD). Location de conteneurs et pes\u00e9e publique.\",\"breadcrumb\":{\"@id\":\"https:\/\/www.centredetri.ca\/en\/why-sort\/#breadcrumb\"},\"inLanguage\":\"en-US\",\"potentialAction\":[{\"@type\":\"ReadAction\",\"target\":[\"https:\/\/www.centredetri.ca\/en\/why-sort\/\"]}]},{\"@type\":\"BreadcrumbList\",\"@id\":\"https:\/\/www.centredetri.ca\/en\/why-sort\/#breadcrumb\",\"itemListElement\":[{\"@type\":\"ListItem\",\"position\":1,\"name\":\"Accueil\",\"item\":\"https:\/\/www.centredetri.ca\/en\/\"},{\"@type\":\"ListItem\",\"position\":2,\"name\":\"Why sort?\"}]},{\"@type\":\"WebSite\",\"@id\":\"https:\/\/www.centredetri.ca\/#website\",\"url\":\"https:\/\/www.centredetri.ca\/\",\"name\":\"Centre de tri TerraCube\",\"description\":\"Recyclage de d\u00e9bris de construction, r\u00e9novation et de d\u00e9molition (CRD)\",\"potentialAction\":[{\"@type\":\"SearchAction\",\"target\":{\"@type\":\"EntryPoint\",\"urlTemplate\":\"https:\/\/www.centredetri.ca\/?s={search_term_string}\"},\"query-input\":{\"@type\":\"PropertyValueSpecification\",\"valueRequired\":true,\"valueName\":\"search_term_string\"}}],\"inLanguage\":\"en-US\"}]}<\/script>\n<!-- \/ Yoast SEO plugin. -->","yoast_head_json":{"title":"Why sort? &#8211; Centre de tri TerraCube","description":"Recyclage de d\u00e9bris de construction, de r\u00e9novation et de d\u00e9molition (CRD). Location de conteneurs et pes\u00e9e publique.","robots":{"index":"index","follow":"follow","max-snippet":"max-snippet:-1","max-image-preview":"max-image-preview:large","max-video-preview":"max-video-preview:-1"},"canonical":"https:\/\/www.centredetri.ca\/en\/why-sort\/","og_locale":"en_US","og_type":"article","og_title":"Why sort? &#8211; Centre de tri TerraCube","og_description":"Recyclage de d\u00e9bris de construction, de r\u00e9novation et de d\u00e9molition (CRD). Location de conteneurs et pes\u00e9e publique.","og_url":"https:\/\/www.centredetri.ca\/en\/why-sort\/","og_site_name":"Centre de tri TerraCube","article_modified_time":"2021-10-06T15:50:08+00:00","twitter_card":"summary_large_image","twitter_misc":{"Est. reading time":"2 minutes"},"schema":{"@context":"https:\/\/schema.org","@graph":[{"@type":"WebPage","@id":"https:\/\/www.centredetri.ca\/en\/why-sort\/","url":"https:\/\/www.centredetri.ca\/en\/why-sort\/","name":"Why sort? &#8211; Centre de tri TerraCube","isPartOf":{"@id":"https:\/\/www.centredetri.ca\/#website"},"datePublished":"2020-12-07T14:41:33+00:00","dateModified":"2021-10-06T15:50:08+00:00","description":"Recyclage de d\u00e9bris de construction, de r\u00e9novation et de d\u00e9molition (CRD). Location de conteneurs et pes\u00e9e publique.","breadcrumb":{"@id":"https:\/\/www.centredetri.ca\/en\/why-sort\/#breadcrumb"},"inLanguage":"en-US","potentialAction":[{"@type":"ReadAction","target":["https:\/\/www.centredetri.ca\/en\/why-sort\/"]}]},{"@type":"BreadcrumbList","@id":"https:\/\/www.centredetri.ca\/en\/why-sort\/#breadcrumb","itemListElement":[{"@type":"ListItem","position":1,"name":"Accueil","item":"https:\/\/www.centredetri.ca\/en\/"},{"@type":"ListItem","position":2,"name":"Why sort?"}]},{"@type":"WebSite","@id":"https:\/\/www.centredetri.ca\/#website","url":"https:\/\/www.centredetri.ca\/","name":"Centre de tri TerraCube","description":"Recyclage de d\u00e9bris de construction, r\u00e9novation et de d\u00e9molition (CRD)","potentialAction":[{"@type":"SearchAction","target":{"@type":"EntryPoint","urlTemplate":"https:\/\/www.centredetri.ca\/?s={search_term_string}"},"query-input":{"@type":"PropertyValueSpecification","valueRequired":true,"valueName":"search_term_string"}}],"inLanguage":"en-US"}]}},"_links":{"self":[{"href":"http:\/\/www.centredetri.ca\/en\/wp-json\/wp\/v2\/pages\/259","targetHints":{"allow":["GET"]}}],"collection":[{"href":"http:\/\/www.centredetri.ca\/en\/wp-json\/wp\/v2\/pages"}],"about":[{"href":"http:\/\/www.centredetri.ca\/en\/wp-json\/wp\/v2\/types\/page"}],"author":[{"embeddable":true,"href":"http:\/\/www.centredetri.ca\/en\/wp-json\/wp\/v2\/users\/1"}],"replies":[{"embeddable":true,"href":"http:\/\/www.centredetri.ca\/en\/wp-json\/wp\/v2\/comments?post=259"}],"version-history":[{"count":6,"href":"http:\/\/www.centredetri.ca\/en\/wp-json\/wp\/v2\/pages\/259\/revisions"}],"predecessor-version":[{"id":446,"href":"http:\/\/www.centredetri.ca\/en\/wp-json\/wp\/v2\/pages\/259\/revisions\/446"}],"wp:attachment":[{"href":"http:\/\/www.centredetri.ca\/en\/wp-json\/wp\/v2\/media?parent=259"}],"curies":[{"name":"wp","href":"https:\/\/api.w.org\/{rel}","templated":true}]}}