{"id":257,"date":"2020-12-04T14:44:28","date_gmt":"2020-12-04T19:44:28","guid":{"rendered":"https:\/\/www.centredetri.ca\/nos-tarifs\/"},"modified":"2021-10-12T10:11:15","modified_gmt":"2021-10-12T14:11:15","slug":"public-scale","status":"publish","type":"page","link":"http:\/\/www.centredetri.ca\/en\/public-scale\/","title":{"rendered":"Public Scale"},"content":{"rendered":"<div class=\"wpb-content-wrapper\"><p>[vc_row type=&#8221;in_grid&#8221; video_file_bg=&#8221;true&#8221; el_class=&#8221;page-int-title&#8221; video_mp4=&#8221;\/wp-content\/uploads\/2020\/12\/Header_Grey_Comp.mp4&#8243;][vc_column][vc_column_text el_class=&#8221;toptitle&#8221;]Public Scale[\/vc_column_text][vc_row_inner type=&#8221;full_width&#8221;][vc_column_inner width=&#8221;1\/2&#8243;][vc_column_text]<\/p>\n<h2><span class=\"color-green\">Do you need to weigh <\/span>your recreational vehicle, boat, transporter or other carriers?<\/h2>\n<p>[\/vc_column_text][vc_column_text]Our scale can accommodate up to 90 feet and 67000 lbs. The scale is certified annually by Measurement Canada.<\/p>\n<h4 style=\"color: #282d33;\"><strong>The fee is $ 20 plus taxes.<\/strong><\/h4>\n<p>[\/vc_column_text][\/vc_column_inner][vc_column_inner width=&#8221;1\/2&#8243;][vc_single_image image=&#8221;339&#8243; img_size=&#8221;full&#8221; alignment=&#8221;center&#8221;][\/vc_column_inner][\/vc_row_inner][\/vc_column][\/vc_row]<\/p>\n<\/div>","protected":false},"excerpt":{"rendered":"<p>[vc_row type=&#8221;in_grid&#8221; video_file_bg=&#8221;true&#8221; el_class=&#8221;page-int-title&#8221; video_mp4=&#8221;\/wp-content\/uploads\/2020\/12\/Header_Grey_Comp.mp4&#8243;][vc_column][vc_column_text el_class=&#8221;toptitle&#8221;]Public Scale[\/vc_column_text][vc_row_inner type=&#8221;full_width&#8221;][vc_column_inner width=&#8221;1\/2&#8243;][vc_column_text] Do you need to weigh your recreational vehicle, boat, transporter or other carriers? [\/vc_column_text][vc_column_text]Our scale can accommodate up to 90 feet and 67000 lbs. The scale is certified annually by Measurement Canada. The fee is $ 20 plus taxes. [\/vc_column_text][\/vc_column_inner][vc_column_inner width=&#8221;1\/2&#8243;][vc_single_image image=&#8221;339&#8243; img_size=&#8221;full&#8221; alignment=&#8221;center&#8221;][\/vc_column_inner][\/vc_row_inner][\/vc_column][\/vc_row]<\/p>\n","protected":false},"author":1,"featured_media":0,"parent":0,"menu_order":0,"comment_status":"closed","ping_status":"closed","template":"","meta":{"footnotes":""},"class_list":["post-257","page","type-page","status-publish","hentry"],"yoast_head":"<!-- This site is optimized with the Yoast SEO plugin v26.2 - https:\/\/yoast.com\/wordpress\/plugins\/seo\/ -->\n<title>Public Scale &#8211; Centre de tri TerraCube<\/title>\n<meta name=\"description\" content=\"Recyclage de d\u00e9bris de construction, de r\u00e9novation et de d\u00e9molition (CRD). Location de conteneurs et pes\u00e9e publique.\" \/>\n<meta name=\"robots\" content=\"index, follow, max-snippet:-1, max-image-preview:large, max-video-preview:-1\" \/>\n<link rel=\"canonical\" href=\"https:\/\/www.centredetri.ca\/en\/public-scale\/\" \/>\n<meta property=\"og:locale\" content=\"en_US\" \/>\n<meta property=\"og:type\" content=\"article\" \/>\n<meta property=\"og:title\" content=\"Public Scale &#8211; Centre de tri TerraCube\" \/>\n<meta property=\"og:description\" content=\"Recyclage de d\u00e9bris de construction, de r\u00e9novation et de d\u00e9molition (CRD). Location de conteneurs et pes\u00e9e publique.\" \/>\n<meta property=\"og:url\" content=\"https:\/\/www.centredetri.ca\/en\/public-scale\/\" \/>\n<meta property=\"og:site_name\" content=\"Centre de tri TerraCube\" \/>\n<meta property=\"article:modified_time\" content=\"2021-10-12T14:11:15+00:00\" \/>\n<meta name=\"twitter:card\" content=\"summary_large_image\" \/>\n<meta name=\"twitter:label1\" content=\"Est. reading time\" \/>\n\t<meta name=\"twitter:data1\" content=\"1 minute\" \/>\n<script type=\"application\/ld+json\" class=\"yoast-schema-graph\">{\"@context\":\"https:\/\/schema.org\",\"@graph\":[{\"@type\":\"WebPage\",\"@id\":\"https:\/\/www.centredetri.ca\/en\/public-scale\/\",\"url\":\"https:\/\/www.centredetri.ca\/en\/public-scale\/\",\"name\":\"Public Scale &#8211; Centre de tri TerraCube\",\"isPartOf\":{\"@id\":\"https:\/\/www.centredetri.ca\/#website\"},\"datePublished\":\"2020-12-04T19:44:28+00:00\",\"dateModified\":\"2021-10-12T14:11:15+00:00\",\"description\":\"Recyclage de d\u00e9bris de construction, de r\u00e9novation et de d\u00e9molition (CRD). Location de conteneurs et pes\u00e9e publique.\",\"breadcrumb\":{\"@id\":\"https:\/\/www.centredetri.ca\/en\/public-scale\/#breadcrumb\"},\"inLanguage\":\"en-US\",\"potentialAction\":[{\"@type\":\"ReadAction\",\"target\":[\"https:\/\/www.centredetri.ca\/en\/public-scale\/\"]}]},{\"@type\":\"BreadcrumbList\",\"@id\":\"https:\/\/www.centredetri.ca\/en\/public-scale\/#breadcrumb\",\"itemListElement\":[{\"@type\":\"ListItem\",\"position\":1,\"name\":\"Accueil\",\"item\":\"https:\/\/www.centredetri.ca\/en\/\"},{\"@type\":\"ListItem\",\"position\":2,\"name\":\"Public Scale\"}]},{\"@type\":\"WebSite\",\"@id\":\"https:\/\/www.centredetri.ca\/#website\",\"url\":\"https:\/\/www.centredetri.ca\/\",\"name\":\"Centre de tri TerraCube\",\"description\":\"Recyclage de d\u00e9bris de construction, r\u00e9novation et de d\u00e9molition (CRD)\",\"potentialAction\":[{\"@type\":\"SearchAction\",\"target\":{\"@type\":\"EntryPoint\",\"urlTemplate\":\"https:\/\/www.centredetri.ca\/?s={search_term_string}\"},\"query-input\":{\"@type\":\"PropertyValueSpecification\",\"valueRequired\":true,\"valueName\":\"search_term_string\"}}],\"inLanguage\":\"en-US\"}]}<\/script>\n<!-- \/ Yoast SEO plugin. -->","yoast_head_json":{"title":"Public Scale &#8211; Centre de tri TerraCube","description":"Recyclage de d\u00e9bris de construction, de r\u00e9novation et de d\u00e9molition (CRD). Location de conteneurs et pes\u00e9e publique.","robots":{"index":"index","follow":"follow","max-snippet":"max-snippet:-1","max-image-preview":"max-image-preview:large","max-video-preview":"max-video-preview:-1"},"canonical":"https:\/\/www.centredetri.ca\/en\/public-scale\/","og_locale":"en_US","og_type":"article","og_title":"Public Scale &#8211; Centre de tri TerraCube","og_description":"Recyclage de d\u00e9bris de construction, de r\u00e9novation et de d\u00e9molition (CRD). Location de conteneurs et pes\u00e9e publique.","og_url":"https:\/\/www.centredetri.ca\/en\/public-scale\/","og_site_name":"Centre de tri TerraCube","article_modified_time":"2021-10-12T14:11:15+00:00","twitter_card":"summary_large_image","twitter_misc":{"Est. reading time":"1 minute"},"schema":{"@context":"https:\/\/schema.org","@graph":[{"@type":"WebPage","@id":"https:\/\/www.centredetri.ca\/en\/public-scale\/","url":"https:\/\/www.centredetri.ca\/en\/public-scale\/","name":"Public Scale &#8211; Centre de tri TerraCube","isPartOf":{"@id":"https:\/\/www.centredetri.ca\/#website"},"datePublished":"2020-12-04T19:44:28+00:00","dateModified":"2021-10-12T14:11:15+00:00","description":"Recyclage de d\u00e9bris de construction, de r\u00e9novation et de d\u00e9molition (CRD). Location de conteneurs et pes\u00e9e publique.","breadcrumb":{"@id":"https:\/\/www.centredetri.ca\/en\/public-scale\/#breadcrumb"},"inLanguage":"en-US","potentialAction":[{"@type":"ReadAction","target":["https:\/\/www.centredetri.ca\/en\/public-scale\/"]}]},{"@type":"BreadcrumbList","@id":"https:\/\/www.centredetri.ca\/en\/public-scale\/#breadcrumb","itemListElement":[{"@type":"ListItem","position":1,"name":"Accueil","item":"https:\/\/www.centredetri.ca\/en\/"},{"@type":"ListItem","position":2,"name":"Public Scale"}]},{"@type":"WebSite","@id":"https:\/\/www.centredetri.ca\/#website","url":"https:\/\/www.centredetri.ca\/","name":"Centre de tri TerraCube","description":"Recyclage de d\u00e9bris de construction, r\u00e9novation et de d\u00e9molition (CRD)","potentialAction":[{"@type":"SearchAction","target":{"@type":"EntryPoint","urlTemplate":"https:\/\/www.centredetri.ca\/?s={search_term_string}"},"query-input":{"@type":"PropertyValueSpecification","valueRequired":true,"valueName":"search_term_string"}}],"inLanguage":"en-US"}]}},"_links":{"self":[{"href":"http:\/\/www.centredetri.ca\/en\/wp-json\/wp\/v2\/pages\/257","targetHints":{"allow":["GET"]}}],"collection":[{"href":"http:\/\/www.centredetri.ca\/en\/wp-json\/wp\/v2\/pages"}],"about":[{"href":"http:\/\/www.centredetri.ca\/en\/wp-json\/wp\/v2\/types\/page"}],"author":[{"embeddable":true,"href":"http:\/\/www.centredetri.ca\/en\/wp-json\/wp\/v2\/users\/1"}],"replies":[{"embeddable":true,"href":"http:\/\/www.centredetri.ca\/en\/wp-json\/wp\/v2\/comments?post=257"}],"version-history":[{"count":6,"href":"http:\/\/www.centredetri.ca\/en\/wp-json\/wp\/v2\/pages\/257\/revisions"}],"predecessor-version":[{"id":461,"href":"http:\/\/www.centredetri.ca\/en\/wp-json\/wp\/v2\/pages\/257\/revisions\/461"}],"wp:attachment":[{"href":"http:\/\/www.centredetri.ca\/en\/wp-json\/wp\/v2\/media?parent=257"}],"curies":[{"name":"wp","href":"https:\/\/api.w.org\/{rel}","templated":true}]}}