{"id":254,"date":"2020-12-04T11:45:12","date_gmt":"2020-12-04T16:45:12","guid":{"rendered":"https:\/\/www.centredetri.ca\/location-de-conteneurs\/"},"modified":"2021-10-12T10:38:50","modified_gmt":"2021-10-12T14:38:50","slug":"dumpster-rentals","status":"publish","type":"page","link":"http:\/\/www.centredetri.ca\/en\/dumpster-rentals\/","title":{"rendered":"Dumpster Rentals"},"content":{"rendered":"<div class=\"wpb-content-wrapper\"><p>[vc_row type=&#8221;in_grid&#8221; video_file_bg=&#8221;true&#8221; el_class=&#8221;page-int-title location-conteneur-title&#8221; video_mp4=&#8221;\/wp-content\/uploads\/2020\/12\/Header_Grey_Comp.mp4&#8243;][vc_column width=&#8221;1\/2&#8243;][vc_column_text el_class=&#8221;toptitle&#8221;]Dumpster Rental[\/vc_column_text][vc_column_text]<\/p>\n<h2><span class=\"color-green\">Properly dispose of while respecting the environment.<\/span><\/h2>\n<p>[\/vc_column_text][vc_column_text]A construction or renovation project in mind? We have the container solution for you.[\/vc_column_text]<a href=\"\/en\/contact-us\/\" target=\"_self\" data-text=\"Book now\" class=\"dist-btn\">Book now<\/a>[\/vc_column][vc_column width=&#8221;1\/2&#8243; el_class=&#8221;conteneur-slider-col&#8221;][vc_single_image image=&#8221;370&#8243; img_size=&#8221;full&#8221;][vc_column_text]<\/p>\n<p class=\"conteneur-info-dimensions\">Available sizes<\/p>\n<p>[\/vc_column_text][vc_column_text]<\/p>\n<ul>\n<li>14 yd (8&#8242; x 11&#8242; x 4)<\/li>\n<li>20 yd (8&#8242; x 18&#8242; x 4&#8242;)<\/li>\n<li>30 yd (8&#8242; x 18&#8242; x 5&#8242;)<\/li>\n<li>40 yd (8&#8242; x 18&#8242; x 7&#8242;)<\/li>\n<\/ul>\n<p>[\/vc_column_text][\/vc_column][\/vc_row][vc_row equal_height=&#8221;yes&#8221; content_placement=&#8221;middle&#8221; type=&#8221;in_grid&#8221; el_class=&#8221;matiere-accepter-conteneur-row white-text padding-top-100&#8243;][vc_column][vc_row_inner type=&#8221;full_width&#8221;][vc_column_inner width=&#8221;1\/2&#8243;][vc_column_text]<\/p>\n<h2>Accepted Materials<\/h2>\n<p>[\/vc_column_text][vc_column_text]<\/p>\n<ul>\n<li>MIXED Construction, Renovation, Demolition Materials<\/li>\n<li>Asphalt shingles<\/li>\n<li>Clean wood<\/li>\n<li>Branch, stump<\/li>\n<li>Asphalt<\/li>\n<li>Clean concrete<\/li>\n<li>Reinforced concrete<\/li>\n<li>Ferrous and non-ferrous metals<\/li>\n<li>Appliances or white goods<\/li>\n<li>Regular, wide or commercial tire<\/li>\n<li>Mattress &amp; sofa<\/li>\n<\/ul>\n<p class=\"small-frais\">*additional costs<\/p>\n<p>[\/vc_column_text][\/vc_column_inner][vc_column_inner width=&#8221;1\/2&#8243;][vc_column_text]<\/p>\n<h2>Prohibited materials<\/h2>\n<p>[\/vc_column_text][vc_column_text]<\/p>\n<ul>\n<li>Household waste<\/li>\n<li>Asbestos<\/li>\n<li>Chemical products<\/li>\n<li>Ammunition, firearms, explosives Including Bengal fire (fireworks)<\/li>\n<li>Radioactive waste<\/li>\n<li>Biomedical waste<\/li>\n<li>Contaminated soils<\/li>\n<li>Railroad sleepers<\/li>\n<li>Animal carcasses<\/li>\n<li>Paint<\/li>\n<li>Hazardous household waste. Anything considered corrosive, toxic, flammable and explosive. Example: Oils, oil filters, lubricants, CFL bulbs, fluorescent tubes (neon), UV lamps, batteries<\/li>\n<\/ul>\n<p>[\/vc_column_text][\/vc_column_inner][\/vc_row_inner][vc_empty_space][vc_column_text]<strong>Note:<\/strong> If in your load there is one or more materials appearing on the list of prohibited materials, it is possible that your load will be refused in part, in total, or that additional charges will be applied at the customer\u2019s expense.[\/vc_column_text][\/vc_column][\/vc_row][vc_row type=&#8221;in_grid&#8221; el_class=&#8221;padding-100&#8243;][vc_column][vc_column_text el_class=&#8221;toptitle&#8221;]Advantages[\/vc_column_text][vc_row_inner type=&#8221;full_width&#8221;][vc_column_inner el_class=&#8221;avantages-title-col&#8221; width=&#8221;1\/2&#8243;][vc_column_text]<\/p>\n<h2>Your property is important to us<\/h2>\n<p>[\/vc_column_text]<a href=\"\/en\/contact-us\/\" target=\"_self\" data-text=\"Book now\" class=\"dist-btn\">Book now<\/a>[\/vc_column_inner][vc_column_inner el_class=&#8221;avantages-desc-col&#8221; width=&#8221;1\/2&#8243;][vc_column_text]Your residence is important to us, and it is for this reason, we take the necessary precautions to avoid damaging your parking entrance. We, therefore, install plywood strips under the contact points between the container and the ground.[\/vc_column_text][\/vc_column_inner][\/vc_row_inner][\/vc_column][\/vc_row]<\/p>\n<\/div>","protected":false},"excerpt":{"rendered":"<p>[vc_row type=&#8221;in_grid&#8221; video_file_bg=&#8221;true&#8221; el_class=&#8221;page-int-title location-conteneur-title&#8221; video_mp4=&#8221;\/wp-content\/uploads\/2020\/12\/Header_Grey_Comp.mp4&#8243;][vc_column width=&#8221;1\/2&#8243;][vc_column_text el_class=&#8221;toptitle&#8221;]Dumpster Rental[\/vc_column_text][vc_column_text] Properly dispose of while respecting the environment. [\/vc_column_text][vc_column_text]A construction or renovation project in mind? We have the container solution for you.[\/vc_column_text][\/vc_column][vc_column width=&#8221;1\/2&#8243; el_class=&#8221;conteneur-slider-col&#8221;][vc_single_image image=&#8221;370&#8243; img_size=&#8221;full&#8221;][vc_column_text] Available sizes [\/vc_column_text][vc_column_text] 14 yd (8&#8242; x 11&#8242; x 4) 20 yd (8&#8242; x 18&#8242; x 4&#8242;) 30 yd (8&#8242; x [&hellip;]<\/p>\n","protected":false},"author":1,"featured_media":0,"parent":0,"menu_order":0,"comment_status":"closed","ping_status":"closed","template":"","meta":{"footnotes":""},"class_list":["post-254","page","type-page","status-publish","hentry"],"yoast_head":"<!-- This site is optimized with the Yoast SEO plugin v26.2 - https:\/\/yoast.com\/wordpress\/plugins\/seo\/ -->\n<title>Dumpster Rentals &#8211; Centre de tri TerraCube<\/title>\n<meta name=\"description\" content=\"Recyclage de d\u00e9bris de construction, de r\u00e9novation et de d\u00e9molition (CRD). Location de conteneurs et pes\u00e9e publique.\" \/>\n<meta name=\"robots\" content=\"index, follow, max-snippet:-1, max-image-preview:large, max-video-preview:-1\" \/>\n<link rel=\"canonical\" href=\"http:\/\/www.centredetri.ca\/en\/dumpster-rentals\/\" \/>\n<meta property=\"og:locale\" content=\"en_US\" \/>\n<meta property=\"og:type\" content=\"article\" \/>\n<meta property=\"og:title\" content=\"Dumpster Rentals &#8211; Centre de tri TerraCube\" \/>\n<meta property=\"og:description\" content=\"Recyclage de d\u00e9bris de construction, de r\u00e9novation et de d\u00e9molition (CRD). Location de conteneurs et pes\u00e9e publique.\" \/>\n<meta property=\"og:url\" content=\"http:\/\/www.centredetri.ca\/en\/dumpster-rentals\/\" \/>\n<meta property=\"og:site_name\" content=\"Centre de tri TerraCube\" \/>\n<meta property=\"article:modified_time\" content=\"2021-10-12T14:38:50+00:00\" \/>\n<meta name=\"twitter:card\" content=\"summary_large_image\" \/>\n<meta name=\"twitter:label1\" content=\"Est. reading time\" \/>\n\t<meta name=\"twitter:data1\" content=\"2 minutes\" \/>\n<script type=\"application\/ld+json\" class=\"yoast-schema-graph\">{\"@context\":\"https:\/\/schema.org\",\"@graph\":[{\"@type\":\"WebPage\",\"@id\":\"http:\/\/www.centredetri.ca\/en\/dumpster-rentals\/\",\"url\":\"http:\/\/www.centredetri.ca\/en\/dumpster-rentals\/\",\"name\":\"Dumpster Rentals &#8211; Centre de tri TerraCube\",\"isPartOf\":{\"@id\":\"http:\/\/www.centredetri.ca\/#website\"},\"datePublished\":\"2020-12-04T16:45:12+00:00\",\"dateModified\":\"2021-10-12T14:38:50+00:00\",\"description\":\"Recyclage de d\u00e9bris de construction, de r\u00e9novation et de d\u00e9molition (CRD). Location de conteneurs et pes\u00e9e publique.\",\"breadcrumb\":{\"@id\":\"http:\/\/www.centredetri.ca\/en\/dumpster-rentals\/#breadcrumb\"},\"inLanguage\":\"en-US\",\"potentialAction\":[{\"@type\":\"ReadAction\",\"target\":[\"http:\/\/www.centredetri.ca\/en\/dumpster-rentals\/\"]}]},{\"@type\":\"BreadcrumbList\",\"@id\":\"http:\/\/www.centredetri.ca\/en\/dumpster-rentals\/#breadcrumb\",\"itemListElement\":[{\"@type\":\"ListItem\",\"position\":1,\"name\":\"Accueil\",\"item\":\"http:\/\/www.centredetri.ca\/en\/\"},{\"@type\":\"ListItem\",\"position\":2,\"name\":\"Dumpster Rentals\"}]},{\"@type\":\"WebSite\",\"@id\":\"http:\/\/www.centredetri.ca\/#website\",\"url\":\"http:\/\/www.centredetri.ca\/\",\"name\":\"Centre de tri TerraCube\",\"description\":\"Recyclage de d\u00e9bris de construction, r\u00e9novation et de d\u00e9molition (CRD)\",\"potentialAction\":[{\"@type\":\"SearchAction\",\"target\":{\"@type\":\"EntryPoint\",\"urlTemplate\":\"http:\/\/www.centredetri.ca\/?s={search_term_string}\"},\"query-input\":{\"@type\":\"PropertyValueSpecification\",\"valueRequired\":true,\"valueName\":\"search_term_string\"}}],\"inLanguage\":\"en-US\"}]}<\/script>\n<!-- \/ Yoast SEO plugin. -->","yoast_head_json":{"title":"Dumpster Rentals &#8211; Centre de tri TerraCube","description":"Recyclage de d\u00e9bris de construction, de r\u00e9novation et de d\u00e9molition (CRD). Location de conteneurs et pes\u00e9e publique.","robots":{"index":"index","follow":"follow","max-snippet":"max-snippet:-1","max-image-preview":"max-image-preview:large","max-video-preview":"max-video-preview:-1"},"canonical":"http:\/\/www.centredetri.ca\/en\/dumpster-rentals\/","og_locale":"en_US","og_type":"article","og_title":"Dumpster Rentals &#8211; Centre de tri TerraCube","og_description":"Recyclage de d\u00e9bris de construction, de r\u00e9novation et de d\u00e9molition (CRD). Location de conteneurs et pes\u00e9e publique.","og_url":"http:\/\/www.centredetri.ca\/en\/dumpster-rentals\/","og_site_name":"Centre de tri TerraCube","article_modified_time":"2021-10-12T14:38:50+00:00","twitter_card":"summary_large_image","twitter_misc":{"Est. reading time":"2 minutes"},"schema":{"@context":"https:\/\/schema.org","@graph":[{"@type":"WebPage","@id":"http:\/\/www.centredetri.ca\/en\/dumpster-rentals\/","url":"http:\/\/www.centredetri.ca\/en\/dumpster-rentals\/","name":"Dumpster Rentals &#8211; Centre de tri TerraCube","isPartOf":{"@id":"http:\/\/www.centredetri.ca\/#website"},"datePublished":"2020-12-04T16:45:12+00:00","dateModified":"2021-10-12T14:38:50+00:00","description":"Recyclage de d\u00e9bris de construction, de r\u00e9novation et de d\u00e9molition (CRD). Location de conteneurs et pes\u00e9e publique.","breadcrumb":{"@id":"http:\/\/www.centredetri.ca\/en\/dumpster-rentals\/#breadcrumb"},"inLanguage":"en-US","potentialAction":[{"@type":"ReadAction","target":["http:\/\/www.centredetri.ca\/en\/dumpster-rentals\/"]}]},{"@type":"BreadcrumbList","@id":"http:\/\/www.centredetri.ca\/en\/dumpster-rentals\/#breadcrumb","itemListElement":[{"@type":"ListItem","position":1,"name":"Accueil","item":"http:\/\/www.centredetri.ca\/en\/"},{"@type":"ListItem","position":2,"name":"Dumpster Rentals"}]},{"@type":"WebSite","@id":"http:\/\/www.centredetri.ca\/#website","url":"http:\/\/www.centredetri.ca\/","name":"Centre de tri TerraCube","description":"Recyclage de d\u00e9bris de construction, r\u00e9novation et de d\u00e9molition (CRD)","potentialAction":[{"@type":"SearchAction","target":{"@type":"EntryPoint","urlTemplate":"http:\/\/www.centredetri.ca\/?s={search_term_string}"},"query-input":{"@type":"PropertyValueSpecification","valueRequired":true,"valueName":"search_term_string"}}],"inLanguage":"en-US"}]}},"_links":{"self":[{"href":"http:\/\/www.centredetri.ca\/en\/wp-json\/wp\/v2\/pages\/254","targetHints":{"allow":["GET"]}}],"collection":[{"href":"http:\/\/www.centredetri.ca\/en\/wp-json\/wp\/v2\/pages"}],"about":[{"href":"http:\/\/www.centredetri.ca\/en\/wp-json\/wp\/v2\/types\/page"}],"author":[{"embeddable":true,"href":"http:\/\/www.centredetri.ca\/en\/wp-json\/wp\/v2\/users\/1"}],"replies":[{"embeddable":true,"href":"http:\/\/www.centredetri.ca\/en\/wp-json\/wp\/v2\/comments?post=254"}],"version-history":[{"count":8,"href":"http:\/\/www.centredetri.ca\/en\/wp-json\/wp\/v2\/pages\/254\/revisions"}],"predecessor-version":[{"id":473,"href":"http:\/\/www.centredetri.ca\/en\/wp-json\/wp\/v2\/pages\/254\/revisions\/473"}],"wp:attachment":[{"href":"http:\/\/www.centredetri.ca\/en\/wp-json\/wp\/v2\/media?parent=254"}],"curies":[{"name":"wp","href":"https:\/\/api.w.org\/{rel}","templated":true}]}}