{"id":252,"date":"2020-12-07T10:36:10","date_gmt":"2020-12-07T15:36:10","guid":{"rendered":"https:\/\/www.centredetri.ca\/contact\/"},"modified":"2025-11-07T12:13:06","modified_gmt":"2025-11-07T17:13:06","slug":"contact-us","status":"publish","type":"page","link":"http:\/\/www.centredetri.ca\/en\/contact-us\/","title":{"rendered":"Contact us"},"content":{"rendered":"<div class=\"wpb-content-wrapper\"><p>[vc_row equal_height=&#8221;yes&#8221; type=&#8221;in_grid&#8221; video_file_bg=&#8221;true&#8221; el_class=&#8221;contact-row&#8221; video_mp4=&#8221;\/wp-content\/uploads\/2020\/12\/Header_Grey_Comp.mp4&#8243;][vc_column width=&#8221;1\/2&#8243;][vc_column_text el_class=&#8221;toptitle&#8221;]Contact us[\/vc_column_text][vc_column_text el_class=&#8221;contact-title&#8221;]<\/p>\n<h2><span class=\"color-green\">Do you have questions,<\/span> or are you ready to make a reservation?<\/h2>\n<p>[\/vc_column_text][vc_column_text el_class=&#8221;contact-title-desc&#8221;]Give us a call or drop us a line, and one of our specialists will get back to you as soon as possible.[\/vc_column_text][vc_row_inner type=&#8221;full_width&#8221;][vc_column_inner width=&#8221;1\/2&#8243;][vc_column_text el_class=&#8221;contact-address&#8221;]<strong>Sorting Centre<\/strong><\/p>\n<p><a href=\"https:\/\/goo.gl\/maps\/iqEsMNjgGMq3YhEn6\" target=\"_blank\" rel=\"noopener noreferrer\">399 Paugan Rd,<br \/>\nDenholm, QC, J8N 9B7<\/a>[\/vc_column_text][vc_column_text css=&#8221;&#8221; el_class=&#8221;contact-tel-email&#8221;]<strong>Contact<\/strong><\/p>\n<p><a href=\"tel:8194571595\">819 457 1595<\/a><br \/>\n<a href=\"tel:8198279144\">819 827 9144<\/a>[\/vc_column_text][vc_column_text el_class=&#8221;contact-terracube&#8221;]<strong>Bulk Products \/ Dumpster Rentals<\/strong><\/p>\n<p><a href=\"http:\/\/terracube.ca\/en\" target=\"_blank\" rel=\"noopener noreferrer\">terracube.ca<\/a>[\/vc_column_text][\/vc_column_inner][vc_column_inner width=&#8221;1\/2&#8243;][vc_column_text el_class=&#8221;contact-heures&#8221;]<strong>Hours of Operations<\/strong><\/p>\n<table class=\"heures-table\">\n<tbody>\n<tr>\n<td>Monday<\/td>\n<td>9 a.m. to 4 p.m.<\/td>\n<\/tr>\n<tr>\n<td>Tuesday<\/td>\n<td>9 a.m. to 4 p.m.<\/td>\n<\/tr>\n<tr>\n<td>Wednesday<\/td>\n<td>9 a.m. to 4 p.m.<\/td>\n<\/tr>\n<tr>\n<td>Thursday<\/td>\n<td>9 a.m. to 4 p.m.<\/td>\n<\/tr>\n<tr>\n<td>Friday<\/td>\n<td>9 a.m. to 4 p.m.<\/td>\n<\/tr>\n<tr>\n<td>Saturday<\/td>\n<td>9 a.m. to 1 p.m.<\/td>\n<\/tr>\n<tr>\n<td>Sunday<\/td>\n<td>Closed<\/td>\n<\/tr>\n<\/tbody>\n<\/table>\n<p>[\/vc_column_text][\/vc_column_inner][\/vc_row_inner][\/vc_column][vc_column width=&#8221;1\/2&#8243;]\n<div class=\"wpcf7 no-js\" id=\"wpcf7-f451-o1\" lang=\"en-CA\" dir=\"ltr\" data-wpcf7-id=\"451\">\n<div class=\"screen-reader-response\"><p role=\"status\" aria-live=\"polite\" aria-atomic=\"true\"><\/p> <ul><\/ul><\/div>\n<form action=\"\/en\/wp-json\/wp\/v2\/pages\/252#wpcf7-f451-o1\" method=\"post\" class=\"wpcf7-form init\" aria-label=\"Contact form\" novalidate=\"novalidate\" data-status=\"init\">\n<fieldset class=\"hidden-fields-container\"><input type=\"hidden\" name=\"_wpcf7\" value=\"451\" \/><input type=\"hidden\" name=\"_wpcf7_version\" value=\"6.1.3\" \/><input type=\"hidden\" name=\"_wpcf7_locale\" value=\"en_CA\" \/><input type=\"hidden\" name=\"_wpcf7_unit_tag\" value=\"wpcf7-f451-o1\" \/><input type=\"hidden\" name=\"_wpcf7_container_post\" value=\"0\" \/><input type=\"hidden\" name=\"_wpcf7_posted_data_hash\" value=\"\" \/><input type=\"hidden\" name=\"_wpcf7_recaptcha_response\" value=\"\" \/>\n<\/fieldset>\n<p><span class=\"wpcf7-form-control-wrap\" data-name=\"your-fname\"><input size=\"40\" maxlength=\"400\" class=\"wpcf7-form-control wpcf7-text wpcf7-validates-as-required form-input\" aria-required=\"true\" aria-invalid=\"false\" placeholder=\"First Name\" value=\"\" type=\"text\" name=\"your-fname\" \/><\/span><br \/>\n<span class=\"wpcf7-form-control-wrap\" data-name=\"your-lname\"><input size=\"40\" maxlength=\"400\" class=\"wpcf7-form-control wpcf7-text wpcf7-validates-as-required form-input\" aria-required=\"true\" aria-invalid=\"false\" placeholder=\"Last Name\" value=\"\" type=\"text\" name=\"your-lname\" \/><\/span><br \/>\n<span class=\"wpcf7-form-control-wrap\" data-name=\"company-name\"><input size=\"40\" maxlength=\"400\" class=\"wpcf7-form-control wpcf7-text wpcf7-validates-as-required form-input\" aria-required=\"true\" aria-invalid=\"false\" placeholder=\"Company Name\" value=\"\" type=\"text\" name=\"company-name\" \/><\/span><br \/>\n<span class=\"wpcf7-form-control-wrap\" data-name=\"your-email\"><input size=\"40\" maxlength=\"400\" class=\"wpcf7-form-control wpcf7-email wpcf7-validates-as-required wpcf7-text wpcf7-validates-as-email form-input\" aria-required=\"true\" aria-invalid=\"false\" placeholder=\"Email\" value=\"\" type=\"email\" name=\"your-email\" \/><\/span><br \/>\n<span class=\"wpcf7-form-control-wrap\" data-name=\"telephone\"><input size=\"40\" maxlength=\"400\" class=\"wpcf7-form-control wpcf7-tel wpcf7-validates-as-required wpcf7-text wpcf7-validates-as-tel form-input\" aria-required=\"true\" aria-invalid=\"false\" placeholder=\"Phone Number\" value=\"\" type=\"tel\" name=\"telephone\" \/><\/span><br \/>\n<span class=\"wpcf7-form-control-wrap\" data-name=\"questions-select\"><select class=\"wpcf7-form-control wpcf7-select wpcf7-validates-as-required form-input\" aria-required=\"true\" aria-invalid=\"false\" name=\"questions-select\"><option value=\"\">I have a question regarding\u2026<\/option><option value=\"Accepted or Prohibited Materials\">Accepted or Prohibited Materials<\/option><option value=\"Reserving a dumpster\">Reserving a dumpster<\/option><option value=\"Prices\">Prices<\/option><option value=\"Job opportunities\">Job opportunities<\/option><\/select><\/span><br \/>\n<span class=\"wpcf7-form-control-wrap\" data-name=\"your-message\"><textarea cols=\"40\" rows=\"3\" maxlength=\"2000\" class=\"wpcf7-form-control wpcf7-textarea wpcf7-validates-as-required form-input\" aria-required=\"true\" aria-invalid=\"false\" placeholder=\"Your message\" name=\"your-message\"><\/textarea><\/span><br \/>\n<button id='submit' class='wpcf7-form-control wpcf7-submit dist-btn' data-text='Send'>Send<\/button>\n<\/p><div class=\"wpcf7-response-output\" aria-hidden=\"true\"><\/div>\n<\/form>\n<\/div>\n[\/vc_column][\/vc_row]<\/p>\n<\/div>","protected":false},"excerpt":{"rendered":"<p>[vc_row equal_height=&#8221;yes&#8221; type=&#8221;in_grid&#8221; video_file_bg=&#8221;true&#8221; el_class=&#8221;contact-row&#8221; video_mp4=&#8221;\/wp-content\/uploads\/2020\/12\/Header_Grey_Comp.mp4&#8243;][vc_column width=&#8221;1\/2&#8243;][vc_column_text el_class=&#8221;toptitle&#8221;]Contact us[\/vc_column_text][vc_column_text el_class=&#8221;contact-title&#8221;] Do you have questions, or are you ready to make a reservation? [\/vc_column_text][vc_column_text el_class=&#8221;contact-title-desc&#8221;]Give us a call or drop us a line, and one of our specialists will get back to you as soon as possible.[\/vc_column_text][vc_row_inner type=&#8221;full_width&#8221;][vc_column_inner width=&#8221;1\/2&#8243;][vc_column_text el_class=&#8221;contact-address&#8221;]Sorting Centre 399 Paugan Rd, Denholm, QC, [&hellip;]<\/p>\n","protected":false},"author":1,"featured_media":0,"parent":0,"menu_order":0,"comment_status":"closed","ping_status":"closed","template":"","meta":{"footnotes":""},"class_list":["post-252","page","type-page","status-publish","hentry"],"yoast_head":"<!-- This site is optimized with the Yoast SEO plugin v26.2 - https:\/\/yoast.com\/wordpress\/plugins\/seo\/ -->\n<title>Contact us &#8211; Centre de tri TerraCube<\/title>\n<meta name=\"description\" content=\"Recyclage de d\u00e9bris de construction, de r\u00e9novation et de d\u00e9molition (CRD). Location de conteneurs et pes\u00e9e publique.\" \/>\n<meta name=\"robots\" content=\"index, follow, max-snippet:-1, max-image-preview:large, max-video-preview:-1\" \/>\n<link rel=\"canonical\" href=\"http:\/\/www.centredetri.ca\/en\/contact-us\/\" \/>\n<meta property=\"og:locale\" content=\"en_US\" \/>\n<meta property=\"og:type\" content=\"article\" \/>\n<meta property=\"og:title\" content=\"Contact us &#8211; Centre de tri TerraCube\" \/>\n<meta property=\"og:description\" content=\"Recyclage de d\u00e9bris de construction, de r\u00e9novation et de d\u00e9molition (CRD). Location de conteneurs et pes\u00e9e publique.\" \/>\n<meta property=\"og:url\" content=\"http:\/\/www.centredetri.ca\/en\/contact-us\/\" \/>\n<meta property=\"og:site_name\" content=\"Centre de tri TerraCube\" \/>\n<meta property=\"article:modified_time\" content=\"2025-11-07T17:13:06+00:00\" \/>\n<meta name=\"twitter:card\" content=\"summary_large_image\" \/>\n<meta name=\"twitter:label1\" content=\"Est. reading time\" \/>\n\t<meta name=\"twitter:data1\" content=\"1 minute\" \/>\n<script type=\"application\/ld+json\" class=\"yoast-schema-graph\">{\"@context\":\"https:\/\/schema.org\",\"@graph\":[{\"@type\":\"WebPage\",\"@id\":\"http:\/\/www.centredetri.ca\/en\/contact-us\/\",\"url\":\"http:\/\/www.centredetri.ca\/en\/contact-us\/\",\"name\":\"Contact us &#8211; Centre de tri TerraCube\",\"isPartOf\":{\"@id\":\"https:\/\/www.centredetri.ca\/#website\"},\"datePublished\":\"2020-12-07T15:36:10+00:00\",\"dateModified\":\"2025-11-07T17:13:06+00:00\",\"description\":\"Recyclage de d\u00e9bris de construction, de r\u00e9novation et de d\u00e9molition (CRD). Location de conteneurs et pes\u00e9e publique.\",\"breadcrumb\":{\"@id\":\"http:\/\/www.centredetri.ca\/en\/contact-us\/#breadcrumb\"},\"inLanguage\":\"en-US\",\"potentialAction\":[{\"@type\":\"ReadAction\",\"target\":[\"http:\/\/www.centredetri.ca\/en\/contact-us\/\"]}]},{\"@type\":\"BreadcrumbList\",\"@id\":\"http:\/\/www.centredetri.ca\/en\/contact-us\/#breadcrumb\",\"itemListElement\":[{\"@type\":\"ListItem\",\"position\":1,\"name\":\"Accueil\",\"item\":\"https:\/\/www.centredetri.ca\/en\/\"},{\"@type\":\"ListItem\",\"position\":2,\"name\":\"Contact us\"}]},{\"@type\":\"WebSite\",\"@id\":\"https:\/\/www.centredetri.ca\/#website\",\"url\":\"https:\/\/www.centredetri.ca\/\",\"name\":\"Centre de tri TerraCube\",\"description\":\"Recyclage de d\u00e9bris de construction, r\u00e9novation et de d\u00e9molition (CRD)\",\"potentialAction\":[{\"@type\":\"SearchAction\",\"target\":{\"@type\":\"EntryPoint\",\"urlTemplate\":\"https:\/\/www.centredetri.ca\/?s={search_term_string}\"},\"query-input\":{\"@type\":\"PropertyValueSpecification\",\"valueRequired\":true,\"valueName\":\"search_term_string\"}}],\"inLanguage\":\"en-US\"}]}<\/script>\n<!-- \/ Yoast SEO plugin. -->","yoast_head_json":{"title":"Contact us &#8211; Centre de tri TerraCube","description":"Recyclage de d\u00e9bris de construction, de r\u00e9novation et de d\u00e9molition (CRD). Location de conteneurs et pes\u00e9e publique.","robots":{"index":"index","follow":"follow","max-snippet":"max-snippet:-1","max-image-preview":"max-image-preview:large","max-video-preview":"max-video-preview:-1"},"canonical":"http:\/\/www.centredetri.ca\/en\/contact-us\/","og_locale":"en_US","og_type":"article","og_title":"Contact us &#8211; Centre de tri TerraCube","og_description":"Recyclage de d\u00e9bris de construction, de r\u00e9novation et de d\u00e9molition (CRD). Location de conteneurs et pes\u00e9e publique.","og_url":"http:\/\/www.centredetri.ca\/en\/contact-us\/","og_site_name":"Centre de tri TerraCube","article_modified_time":"2025-11-07T17:13:06+00:00","twitter_card":"summary_large_image","twitter_misc":{"Est. reading time":"1 minute"},"schema":{"@context":"https:\/\/schema.org","@graph":[{"@type":"WebPage","@id":"http:\/\/www.centredetri.ca\/en\/contact-us\/","url":"http:\/\/www.centredetri.ca\/en\/contact-us\/","name":"Contact us &#8211; Centre de tri TerraCube","isPartOf":{"@id":"https:\/\/www.centredetri.ca\/#website"},"datePublished":"2020-12-07T15:36:10+00:00","dateModified":"2025-11-07T17:13:06+00:00","description":"Recyclage de d\u00e9bris de construction, de r\u00e9novation et de d\u00e9molition (CRD). Location de conteneurs et pes\u00e9e publique.","breadcrumb":{"@id":"http:\/\/www.centredetri.ca\/en\/contact-us\/#breadcrumb"},"inLanguage":"en-US","potentialAction":[{"@type":"ReadAction","target":["http:\/\/www.centredetri.ca\/en\/contact-us\/"]}]},{"@type":"BreadcrumbList","@id":"http:\/\/www.centredetri.ca\/en\/contact-us\/#breadcrumb","itemListElement":[{"@type":"ListItem","position":1,"name":"Accueil","item":"https:\/\/www.centredetri.ca\/en\/"},{"@type":"ListItem","position":2,"name":"Contact us"}]},{"@type":"WebSite","@id":"https:\/\/www.centredetri.ca\/#website","url":"https:\/\/www.centredetri.ca\/","name":"Centre de tri TerraCube","description":"Recyclage de d\u00e9bris de construction, r\u00e9novation et de d\u00e9molition (CRD)","potentialAction":[{"@type":"SearchAction","target":{"@type":"EntryPoint","urlTemplate":"https:\/\/www.centredetri.ca\/?s={search_term_string}"},"query-input":{"@type":"PropertyValueSpecification","valueRequired":true,"valueName":"search_term_string"}}],"inLanguage":"en-US"}]}},"_links":{"self":[{"href":"http:\/\/www.centredetri.ca\/en\/wp-json\/wp\/v2\/pages\/252","targetHints":{"allow":["GET"]}}],"collection":[{"href":"http:\/\/www.centredetri.ca\/en\/wp-json\/wp\/v2\/pages"}],"about":[{"href":"http:\/\/www.centredetri.ca\/en\/wp-json\/wp\/v2\/types\/page"}],"author":[{"embeddable":true,"href":"http:\/\/www.centredetri.ca\/en\/wp-json\/wp\/v2\/users\/1"}],"replies":[{"embeddable":true,"href":"http:\/\/www.centredetri.ca\/en\/wp-json\/wp\/v2\/comments?post=252"}],"version-history":[{"count":10,"href":"http:\/\/www.centredetri.ca\/en\/wp-json\/wp\/v2\/pages\/252\/revisions"}],"predecessor-version":[{"id":506,"href":"http:\/\/www.centredetri.ca\/en\/wp-json\/wp\/v2\/pages\/252\/revisions\/506"}],"wp:attachment":[{"href":"http:\/\/www.centredetri.ca\/en\/wp-json\/wp\/v2\/media?parent=252"}],"curies":[{"name":"wp","href":"https:\/\/api.w.org\/{rel}","templated":true}]}}