{"id":248,"date":"2020-12-04T15:26:47","date_gmt":"2020-12-04T20:26:47","guid":{"rendered":"https:\/\/www.centredetri.ca\/a-propos\/"},"modified":"2021-10-06T11:36:57","modified_gmt":"2021-10-06T15:36:57","slug":"about-us","status":"publish","type":"page","link":"http:\/\/www.centredetri.ca\/en\/about-us\/","title":{"rendered":"About us"},"content":{"rendered":"<div class=\"wpb-content-wrapper\"><p>[vc_row full_height=&#8221;yes&#8221; equal_height=&#8221;yes&#8221; content_placement=&#8221;middle&#8221; type=&#8221;in_grid&#8221; video_file_bg=&#8221;true&#8221; el_class=&#8221;a-propos-title white-text&#8221; video_mp4=&#8221;\/wp-content\/uploads\/2020\/12\/Header_Green_Comp.mp4&#8243;][vc_column][vc_column_text el_class=&#8221;toptitle&#8221;]Our mission[\/vc_column_text][vc_column_text]<\/p>\n<h2>Terracube\u2019s Sorting Centre wants to contribute to sustainable development and climate change solutions by applying the \u201cPrincipes 3R-V\u201d: reduce, reuse, recycle and reclaim.<\/h2>\n<p>Its mission is also to become a sorting centre recognized for respecting the best practices in the industry, for its participation in research and development, and its excellent customer service.[\/vc_column_text][vc_single_image image=&#8221;260&#8243; img_size=&#8221;full&#8221; alignment=&#8221;center&#8221;][\/vc_column][\/vc_row][vc_row type=&#8221;in_grid&#8221; el_class=&#8221;padding-100 a-propos-row&#8221;][vc_column width=&#8221;1\/2&#8243;][vc_column_text]<\/p>\n<h2>Terracube\u2019s Sorting Centre is specially designed for the economic and environmental needs of our region.<\/h2>\n<p>[\/vc_column_text][\/vc_column][vc_column width=&#8221;1\/2&#8243;][vc_column_text]In business since 2008, Mr. Gilles Forget and Ms. Carole Rochon have seen their companies evolve with time and the demand. Their business activities are part of an era of recycling dry materials. There was no place to dispose of construction, renovation and demolition (CRD) materials in the Haute-Gatineau territory, and the idea of Terracube\u2019s Sorting Centre had been germinating in their heads for several years.<\/p>\n<p>In 2017, the two owners bought a piece of land in Denholm, and from there, the official procedures began. Everything must comply with environmental standards. In the summer of 2018, they obtain their accreditation certificate from the Ministry of Sustainable Development, Environment and the Fight against Climate Change.<\/p>\n<p>A lot of time has passed between the blasting, the construction of the sorting centre\u2019s infrastructure, and the pandemic. Still, in March 2021, they are proud and happy to finally open their doors to receive their first customers and start making a difference for the environment and surrounding communities.<\/p>\n<p>In the long term, Terracube\u2019s Sorting Centre would like to partner with universities and college researchers to put into practice new technologies or processes in material recycling.<\/p>\n<p>Terracube is a member of the 3R MCDQ (Regroupement des R\u00e9cup\u00e9rateurs et des Recycleurs de Mat\u00e9riaux de Construction et de D\u00e9molition du Qu\u00e9bec).<\/p>\n<p>After 12 months of operation, Terracube aims to obtain the recognition of the CRD Sorter issued by Recyc-Quebec, which seeks to recognize facilities that have best practices. [\/vc_column_text][\/vc_column][\/vc_row][vc_row equal_height=&#8221;yes&#8221; type=&#8221;in_grid&#8221; el_class=&#8221;a-propos-img-row padding-100&#8243;][vc_column width=&#8221;2\/3&#8243; el_class=&#8221;a-propos-img-left-col&#8221;][vc_single_image image=&#8221;382&#8243; img_size=&#8221;full&#8221; alignment=&#8221;center&#8221;][vc_single_image image=&#8221;384&#8243; img_size=&#8221;full&#8221; alignment=&#8221;center&#8221;][\/vc_column][vc_column width=&#8221;1\/3&#8243; el_class=&#8221;a-propos-img-right-col&#8221;][vc_single_image image=&#8221;380&#8243; img_size=&#8221;full&#8221;][\/vc_column][\/vc_row]<\/p>\n<\/div>","protected":false},"excerpt":{"rendered":"<p>[vc_row full_height=&#8221;yes&#8221; equal_height=&#8221;yes&#8221; content_placement=&#8221;middle&#8221; type=&#8221;in_grid&#8221; video_file_bg=&#8221;true&#8221; el_class=&#8221;a-propos-title white-text&#8221; video_mp4=&#8221;\/wp-content\/uploads\/2020\/12\/Header_Green_Comp.mp4&#8243;][vc_column][vc_column_text el_class=&#8221;toptitle&#8221;]Our mission[\/vc_column_text][vc_column_text] Terracube\u2019s Sorting Centre wants to contribute to sustainable development and climate change solutions by applying the \u201cPrincipes 3R-V\u201d: reduce, reuse, recycle and reclaim. Its mission is also to become a sorting centre recognized for respecting the best practices in the industry, for its participation [&hellip;]<\/p>\n","protected":false},"author":1,"featured_media":0,"parent":0,"menu_order":0,"comment_status":"closed","ping_status":"closed","template":"","meta":{"footnotes":""},"class_list":["post-248","page","type-page","status-publish","hentry"],"yoast_head":"<!-- This site is optimized with the Yoast SEO plugin v26.2 - https:\/\/yoast.com\/wordpress\/plugins\/seo\/ -->\n<title>About us &#8211; Centre de tri TerraCube<\/title>\n<meta name=\"description\" content=\"Recyclage de d\u00e9bris de construction, de r\u00e9novation et de d\u00e9molition (CRD). Location de conteneurs et pes\u00e9e publique.\" \/>\n<meta name=\"robots\" content=\"index, follow, max-snippet:-1, max-image-preview:large, max-video-preview:-1\" \/>\n<link rel=\"canonical\" href=\"https:\/\/www.centredetri.ca\/en\/about-us\/\" \/>\n<meta property=\"og:locale\" content=\"en_US\" \/>\n<meta property=\"og:type\" content=\"article\" \/>\n<meta property=\"og:title\" content=\"About us &#8211; Centre de tri TerraCube\" \/>\n<meta property=\"og:description\" content=\"Recyclage de d\u00e9bris de construction, de r\u00e9novation et de d\u00e9molition (CRD). Location de conteneurs et pes\u00e9e publique.\" \/>\n<meta property=\"og:url\" content=\"https:\/\/www.centredetri.ca\/en\/about-us\/\" \/>\n<meta property=\"og:site_name\" content=\"Centre de tri TerraCube\" \/>\n<meta property=\"article:modified_time\" content=\"2021-10-06T15:36:57+00:00\" \/>\n<meta name=\"twitter:card\" content=\"summary_large_image\" \/>\n<meta name=\"twitter:label1\" content=\"Est. reading time\" \/>\n\t<meta name=\"twitter:data1\" content=\"2 minutes\" \/>\n<script type=\"application\/ld+json\" class=\"yoast-schema-graph\">{\"@context\":\"https:\/\/schema.org\",\"@graph\":[{\"@type\":\"WebPage\",\"@id\":\"https:\/\/www.centredetri.ca\/en\/about-us\/\",\"url\":\"https:\/\/www.centredetri.ca\/en\/about-us\/\",\"name\":\"About us &#8211; Centre de tri TerraCube\",\"isPartOf\":{\"@id\":\"https:\/\/www.centredetri.ca\/#website\"},\"datePublished\":\"2020-12-04T20:26:47+00:00\",\"dateModified\":\"2021-10-06T15:36:57+00:00\",\"description\":\"Recyclage de d\u00e9bris de construction, de r\u00e9novation et de d\u00e9molition (CRD). Location de conteneurs et pes\u00e9e publique.\",\"breadcrumb\":{\"@id\":\"https:\/\/www.centredetri.ca\/en\/about-us\/#breadcrumb\"},\"inLanguage\":\"en-US\",\"potentialAction\":[{\"@type\":\"ReadAction\",\"target\":[\"https:\/\/www.centredetri.ca\/en\/about-us\/\"]}]},{\"@type\":\"BreadcrumbList\",\"@id\":\"https:\/\/www.centredetri.ca\/en\/about-us\/#breadcrumb\",\"itemListElement\":[{\"@type\":\"ListItem\",\"position\":1,\"name\":\"Accueil\",\"item\":\"https:\/\/www.centredetri.ca\/en\/\"},{\"@type\":\"ListItem\",\"position\":2,\"name\":\"About us\"}]},{\"@type\":\"WebSite\",\"@id\":\"https:\/\/www.centredetri.ca\/#website\",\"url\":\"https:\/\/www.centredetri.ca\/\",\"name\":\"Centre de tri TerraCube\",\"description\":\"Recyclage de d\u00e9bris de construction, r\u00e9novation et de d\u00e9molition (CRD)\",\"potentialAction\":[{\"@type\":\"SearchAction\",\"target\":{\"@type\":\"EntryPoint\",\"urlTemplate\":\"https:\/\/www.centredetri.ca\/?s={search_term_string}\"},\"query-input\":{\"@type\":\"PropertyValueSpecification\",\"valueRequired\":true,\"valueName\":\"search_term_string\"}}],\"inLanguage\":\"en-US\"}]}<\/script>\n<!-- \/ Yoast SEO plugin. -->","yoast_head_json":{"title":"About us &#8211; Centre de tri TerraCube","description":"Recyclage de d\u00e9bris de construction, de r\u00e9novation et de d\u00e9molition (CRD). Location de conteneurs et pes\u00e9e publique.","robots":{"index":"index","follow":"follow","max-snippet":"max-snippet:-1","max-image-preview":"max-image-preview:large","max-video-preview":"max-video-preview:-1"},"canonical":"https:\/\/www.centredetri.ca\/en\/about-us\/","og_locale":"en_US","og_type":"article","og_title":"About us &#8211; Centre de tri TerraCube","og_description":"Recyclage de d\u00e9bris de construction, de r\u00e9novation et de d\u00e9molition (CRD). Location de conteneurs et pes\u00e9e publique.","og_url":"https:\/\/www.centredetri.ca\/en\/about-us\/","og_site_name":"Centre de tri TerraCube","article_modified_time":"2021-10-06T15:36:57+00:00","twitter_card":"summary_large_image","twitter_misc":{"Est. reading time":"2 minutes"},"schema":{"@context":"https:\/\/schema.org","@graph":[{"@type":"WebPage","@id":"https:\/\/www.centredetri.ca\/en\/about-us\/","url":"https:\/\/www.centredetri.ca\/en\/about-us\/","name":"About us &#8211; Centre de tri TerraCube","isPartOf":{"@id":"https:\/\/www.centredetri.ca\/#website"},"datePublished":"2020-12-04T20:26:47+00:00","dateModified":"2021-10-06T15:36:57+00:00","description":"Recyclage de d\u00e9bris de construction, de r\u00e9novation et de d\u00e9molition (CRD). Location de conteneurs et pes\u00e9e publique.","breadcrumb":{"@id":"https:\/\/www.centredetri.ca\/en\/about-us\/#breadcrumb"},"inLanguage":"en-US","potentialAction":[{"@type":"ReadAction","target":["https:\/\/www.centredetri.ca\/en\/about-us\/"]}]},{"@type":"BreadcrumbList","@id":"https:\/\/www.centredetri.ca\/en\/about-us\/#breadcrumb","itemListElement":[{"@type":"ListItem","position":1,"name":"Accueil","item":"https:\/\/www.centredetri.ca\/en\/"},{"@type":"ListItem","position":2,"name":"About us"}]},{"@type":"WebSite","@id":"https:\/\/www.centredetri.ca\/#website","url":"https:\/\/www.centredetri.ca\/","name":"Centre de tri TerraCube","description":"Recyclage de d\u00e9bris de construction, r\u00e9novation et de d\u00e9molition (CRD)","potentialAction":[{"@type":"SearchAction","target":{"@type":"EntryPoint","urlTemplate":"https:\/\/www.centredetri.ca\/?s={search_term_string}"},"query-input":{"@type":"PropertyValueSpecification","valueRequired":true,"valueName":"search_term_string"}}],"inLanguage":"en-US"}]}},"_links":{"self":[{"href":"http:\/\/www.centredetri.ca\/en\/wp-json\/wp\/v2\/pages\/248","targetHints":{"allow":["GET"]}}],"collection":[{"href":"http:\/\/www.centredetri.ca\/en\/wp-json\/wp\/v2\/pages"}],"about":[{"href":"http:\/\/www.centredetri.ca\/en\/wp-json\/wp\/v2\/types\/page"}],"author":[{"embeddable":true,"href":"http:\/\/www.centredetri.ca\/en\/wp-json\/wp\/v2\/users\/1"}],"replies":[{"embeddable":true,"href":"http:\/\/www.centredetri.ca\/en\/wp-json\/wp\/v2\/comments?post=248"}],"version-history":[{"count":7,"href":"http:\/\/www.centredetri.ca\/en\/wp-json\/wp\/v2\/pages\/248\/revisions"}],"predecessor-version":[{"id":442,"href":"http:\/\/www.centredetri.ca\/en\/wp-json\/wp\/v2\/pages\/248\/revisions\/442"}],"wp:attachment":[{"href":"http:\/\/www.centredetri.ca\/en\/wp-json\/wp\/v2\/media?parent=248"}],"curies":[{"name":"wp","href":"https:\/\/api.w.org\/{rel}","templated":true}]}}